{"id":8756,"date":"2025-02-22T16:51:51","date_gmt":"2025-02-22T15:51:51","guid":{"rendered":"https:\/\/www.witchcraft.museum\/thematique\/"},"modified":"2025-02-28T18:01:06","modified_gmt":"2025-02-28T17:01:06","slug":"thematique","status":"publish","type":"page","link":"https:\/\/www.witchcraft.museum\/fr\/thematique\/","title":{"rendered":"th\u00e9matique"},"content":{"rendered":"\t\t<div data-elementor-type=\"wp-page\" data-elementor-id=\"8756\" class=\"elementor elementor-8756 elementor-6244\" data-elementor-post-type=\"page\">\n\t\t\t\t<div class=\"elementor-element elementor-element-6fc9c585 e-flex e-con-boxed e-con e-parent\" data-id=\"6fc9c585\" data-element_type=\"container\" data-e-type=\"container\" data-settings=\"{&quot;ekit_has_onepagescroll_dot&quot;:&quot;yes&quot;}\">\n\t\t\t\t\t<div class=\"e-con-inner\">\n\t\t<div class=\"elementor-element elementor-element-43ae39a6 e-flex e-con-boxed e-con e-child\" data-id=\"43ae39a6\" data-element_type=\"container\" data-e-type=\"container\" data-settings=\"{&quot;background_background&quot;:&quot;classic&quot;,&quot;ekit_has_onepagescroll_dot&quot;:&quot;yes&quot;}\">\n\t\t\t\t\t<div class=\"e-con-inner\">\n\t\t<div class=\"elementor-element elementor-element-53478b5e e-con-full e-flex e-con e-child\" data-id=\"53478b5e\" data-element_type=\"container\" data-e-type=\"container\" data-settings=\"{&quot;ekit_has_onepagescroll_dot&quot;:&quot;yes&quot;}\">\n\t\t\t\t<div class=\"elementor-element elementor-element-515ac477 elementor-widget elementor-widget-heading\" data-id=\"515ac477\" data-element_type=\"widget\" data-e-type=\"widget\" data-settings=\"{&quot;ekit_we_effect_on&quot;:&quot;none&quot;}\" data-widget_type=\"heading.default\">\n\t\t\t\t<div class=\"elementor-widget-container\">\n\t\t\t\t\t<h1 class=\"elementor-heading-title elementor-size-default\">le mus\u00e9e de la sorci\u00e8re par th\u00e8me<\/h1>\t\t\t\t<\/div>\n\t\t\t\t<\/div>\n\t\t\t\t<\/div>\n\t\t\t\t\t<\/div>\n\t\t\t\t<\/div>\n\t\t\t\t\t<\/div>\n\t\t\t\t<\/div>\n\t\t<div class=\"elementor-element elementor-element-66cbb3c7 e-flex e-con-boxed e-con e-parent\" data-id=\"66cbb3c7\" data-element_type=\"container\" data-e-type=\"container\" data-settings=\"{&quot;ekit_has_onepagescroll_dot&quot;:&quot;yes&quot;}\">\n\t\t\t\t\t<div class=\"e-con-inner\">\n\t\t<div class=\"elementor-element elementor-element-6a1f9be1 e-flex e-con-boxed e-con e-child\" data-id=\"6a1f9be1\" data-element_type=\"container\" data-e-type=\"container\" data-settings=\"{&quot;ekit_has_onepagescroll_dot&quot;:&quot;yes&quot;}\">\n\t\t\t\t\t<div class=\"e-con-inner\">\n\t\t<div class=\"elementor-element elementor-element-3814689c e-flex e-con-boxed e-con e-child\" data-id=\"3814689c\" data-element_type=\"container\" data-e-type=\"container\" data-settings=\"{&quot;ekit_has_onepagescroll_dot&quot;:&quot;yes&quot;}\">\n\t\t\t\t\t<div class=\"e-con-inner\">\n\t\t<div class=\"elementor-element elementor-element-28dc397c e-con-full e-flex e-con e-child\" data-id=\"28dc397c\" data-element_type=\"container\" data-e-type=\"container\" data-settings=\"{&quot;ekit_has_onepagescroll_dot&quot;:&quot;yes&quot;}\">\n\t\t\t\t<div class=\"elementor-element elementor-element-7b910d49 elementor-widget elementor-widget-heading\" data-id=\"7b910d49\" data-element_type=\"widget\" data-e-type=\"widget\" data-settings=\"{&quot;ekit_we_effect_on&quot;:&quot;none&quot;}\" data-widget_type=\"heading.default\">\n\t\t\t\t<div class=\"elementor-widget-container\">\n\t\t\t\t\t<h2 class=\"elementor-heading-title elementor-size-default\">  La sorcellerie sous diff\u00e9rentes formes<\/h2>\t\t\t\t<\/div>\n\t\t\t\t<\/div>\n\t\t\t\t<div class=\"elementor-element elementor-element-5ab59676 elementor-widget elementor-widget-text-editor\" data-id=\"5ab59676\" data-element_type=\"widget\" data-e-type=\"widget\" data-settings=\"{&quot;ekit_we_effect_on&quot;:&quot;none&quot;}\" data-widget_type=\"text-editor.default\">\n\t\t\t\t<div class=\"elementor-widget-container\">\n\t\t\t\t\t\t\t\t\t<p>Le mus\u00e9e des sorci\u00e8res ne se limite pas \u00e0 une seule forme de sorcellerie. Nous vous proposons un aper\u00e7u des formes les plus connues dans nos pages th\u00e9matiques.<\/p>\t\t\t\t\t\t\t\t<\/div>\n\t\t\t\t<\/div>\n\t\t\t\t<\/div>\n\t\t\t\t\t<\/div>\n\t\t\t\t<\/div>\n\t\t\t\t\t<\/div>\n\t\t\t\t<\/div>\n\t\t\t\t\t<\/div>\n\t\t\t\t<\/div>\n\t\t<div class=\"elementor-element elementor-element-d9b8028 e-flex e-con-boxed e-con e-parent\" data-id=\"d9b8028\" data-element_type=\"container\" data-e-type=\"container\" data-settings=\"{&quot;ekit_has_onepagescroll_dot&quot;:&quot;yes&quot;}\">\n\t\t\t\t\t<div class=\"e-con-inner\">\n\t\t<div class=\"elementor-element elementor-element-cfeaf3e e-con-full e-flex e-con e-child\" data-id=\"cfeaf3e\" data-element_type=\"container\" data-e-type=\"container\" data-settings=\"{&quot;ekit_has_onepagescroll_dot&quot;:&quot;yes&quot;}\">\n\t\t\t\t<div class=\"elementor-element elementor-element-b046488 elementor-widget elementor-widget-heading\" data-id=\"b046488\" data-element_type=\"widget\" data-e-type=\"widget\" data-settings=\"{&quot;ekit_we_effect_on&quot;:&quot;none&quot;}\" data-widget_type=\"heading.default\">\n\t\t\t\t<div class=\"elementor-widget-container\">\n\t\t\t\t\t<h3 class=\"elementor-heading-title elementor-size-default\">Sorcellerie<\/h3>\t\t\t\t<\/div>\n\t\t\t\t<\/div>\n\t\t\t\t<div class=\"elementor-element elementor-element-c5179f9 elementor-widget elementor-widget-button\" data-id=\"c5179f9\" data-element_type=\"widget\" data-e-type=\"widget\" data-settings=\"{&quot;ekit_we_effect_on&quot;:&quot;none&quot;}\" data-widget_type=\"button.default\">\n\t\t\t\t<div class=\"elementor-widget-container\">\n\t\t\t\t\t\t\t\t\t<div class=\"elementor-button-wrapper\">\n\t\t\t\t\t<a class=\"elementor-button elementor-button-link elementor-size-sm\" href=\"https:\/\/www.witchcraft.museum\/fr\/sorcellerie\/\">\n\t\t\t\t\t\t<span class=\"elementor-button-content-wrapper\">\n\t\t\t\t\t\t\t\t\t<span class=\"elementor-button-text\">Cliquez ici<\/span>\n\t\t\t\t\t<\/span>\n\t\t\t\t\t<\/a>\n\t\t\t\t<\/div>\n\t\t\t\t\t\t\t\t<\/div>\n\t\t\t\t<\/div>\n\t\t\t\t<div class=\"elementor-element elementor-element-3d96ba9 elementor-widget elementor-widget-image\" data-id=\"3d96ba9\" data-element_type=\"widget\" data-e-type=\"widget\" data-settings=\"{&quot;ekit_we_effect_on&quot;:&quot;none&quot;}\" data-widget_type=\"image.default\">\n\t\t\t\t<div class=\"elementor-widget-container\">\n\t\t\t\t\t\t\t\t\t\t\t\t\t\t\t<img fetchpriority=\"high\" decoding=\"async\" width=\"700\" height=\"700\" src=\"https:\/\/www.witchcraft.museum\/wp-content\/uploads\/2025\/02\/hekserij.webp\" class=\"attachment-medium_large size-medium_large wp-image-6355\" alt=\"hekserij thema in het witchcraft museum\" srcset=\"https:\/\/www.witchcraft.museum\/wp-content\/uploads\/2025\/02\/hekserij.webp 700w, https:\/\/www.witchcraft.museum\/wp-content\/uploads\/2025\/02\/hekserij-300x300.webp 300w, https:\/\/www.witchcraft.museum\/wp-content\/uploads\/2025\/02\/hekserij-150x150.webp 150w\" sizes=\"(max-width: 700px) 100vw, 700px\" \/>\t\t\t\t\t\t\t\t\t\t\t\t\t\t\t<\/div>\n\t\t\t\t<\/div>\n\t\t\t\t<\/div>\n\t\t<div class=\"elementor-element elementor-element-4a3346b e-con-full e-flex e-con e-child\" data-id=\"4a3346b\" data-element_type=\"container\" data-e-type=\"container\" data-settings=\"{&quot;ekit_has_onepagescroll_dot&quot;:&quot;yes&quot;}\">\n\t\t\t\t<div class=\"elementor-element elementor-element-d543e76 elementor-widget elementor-widget-heading\" data-id=\"d543e76\" data-element_type=\"widget\" data-e-type=\"widget\" data-settings=\"{&quot;ekit_we_effect_on&quot;:&quot;none&quot;}\" data-widget_type=\"heading.default\">\n\t\t\t\t<div class=\"elementor-widget-container\">\n\t\t\t\t\t<h3 class=\"elementor-heading-title elementor-size-default\">Chamanisme<\/h3>\t\t\t\t<\/div>\n\t\t\t\t<\/div>\n\t\t\t\t<div class=\"elementor-element elementor-element-9744fac elementor-widget elementor-widget-button\" data-id=\"9744fac\" data-element_type=\"widget\" data-e-type=\"widget\" data-settings=\"{&quot;ekit_we_effect_on&quot;:&quot;none&quot;}\" data-widget_type=\"button.default\">\n\t\t\t\t<div class=\"elementor-widget-container\">\n\t\t\t\t\t\t\t\t\t<div class=\"elementor-button-wrapper\">\n\t\t\t\t\t<a class=\"elementor-button elementor-button-link elementor-size-sm\" href=\"https:\/\/www.witchcraft.museum\/thematisch\/sjamanisme\/\">\n\t\t\t\t\t\t<span class=\"elementor-button-content-wrapper\">\n\t\t\t\t\t\t\t\t\t<span class=\"elementor-button-text\">Cliquez ici<\/span>\n\t\t\t\t\t<\/span>\n\t\t\t\t\t<\/a>\n\t\t\t\t<\/div>\n\t\t\t\t\t\t\t\t<\/div>\n\t\t\t\t<\/div>\n\t\t\t\t<div class=\"elementor-element elementor-element-6790dc5 elementor-widget elementor-widget-image\" data-id=\"6790dc5\" data-element_type=\"widget\" data-e-type=\"widget\" data-settings=\"{&quot;ekit_we_effect_on&quot;:&quot;none&quot;}\" data-widget_type=\"image.default\">\n\t\t\t\t<div class=\"elementor-widget-container\">\n\t\t\t\t\t\t\t\t\t\t\t\t\t\t\t<img decoding=\"async\" width=\"701\" height=\"700\" src=\"https:\/\/www.witchcraft.museum\/wp-content\/uploads\/2025\/02\/amazon-shaman.webp\" class=\"attachment-medium_large size-medium_large wp-image-6197\" alt=\"amazon sjamaan\" srcset=\"https:\/\/www.witchcraft.museum\/wp-content\/uploads\/2025\/02\/amazon-shaman.webp 701w, https:\/\/www.witchcraft.museum\/wp-content\/uploads\/2025\/02\/amazon-shaman-300x300.webp 300w, https:\/\/www.witchcraft.museum\/wp-content\/uploads\/2025\/02\/amazon-shaman-150x150.webp 150w\" sizes=\"(max-width: 701px) 100vw, 701px\" \/>\t\t\t\t\t\t\t\t\t\t\t\t\t\t\t<\/div>\n\t\t\t\t<\/div>\n\t\t\t\t<\/div>\n\t\t<div class=\"elementor-element elementor-element-3568076 e-con-full e-flex e-con e-child\" data-id=\"3568076\" data-element_type=\"container\" data-e-type=\"container\" data-settings=\"{&quot;ekit_has_onepagescroll_dot&quot;:&quot;yes&quot;}\">\n\t\t\t\t<div class=\"elementor-element elementor-element-1e61522 elementor-widget elementor-widget-heading\" data-id=\"1e61522\" data-element_type=\"widget\" data-e-type=\"widget\" data-settings=\"{&quot;ekit_we_effect_on&quot;:&quot;none&quot;}\" data-widget_type=\"heading.default\">\n\t\t\t\t<div class=\"elementor-widget-container\">\n\t\t\t\t\t<h3 class=\"elementor-heading-title elementor-size-default\">Wicca<\/h3>\t\t\t\t<\/div>\n\t\t\t\t<\/div>\n\t\t\t\t<div class=\"elementor-element elementor-element-9289532 elementor-widget elementor-widget-button\" data-id=\"9289532\" data-element_type=\"widget\" data-e-type=\"widget\" data-settings=\"{&quot;ekit_we_effect_on&quot;:&quot;none&quot;}\" data-widget_type=\"button.default\">\n\t\t\t\t<div class=\"elementor-widget-container\">\n\t\t\t\t\t\t\t\t\t<div class=\"elementor-button-wrapper\">\n\t\t\t\t\t<a class=\"elementor-button elementor-button-link elementor-size-sm\" href=\"https:\/\/www.witchcraft.museum\/fr\/wicca\/\">\n\t\t\t\t\t\t<span class=\"elementor-button-content-wrapper\">\n\t\t\t\t\t\t\t\t\t<span class=\"elementor-button-text\">Cliquez ici<\/span>\n\t\t\t\t\t<\/span>\n\t\t\t\t\t<\/a>\n\t\t\t\t<\/div>\n\t\t\t\t\t\t\t\t<\/div>\n\t\t\t\t<\/div>\n\t\t\t\t<div class=\"elementor-element elementor-element-31c3102 elementor-widget elementor-widget-image\" data-id=\"31c3102\" data-element_type=\"widget\" data-e-type=\"widget\" data-settings=\"{&quot;ekit_we_effect_on&quot;:&quot;none&quot;}\" data-widget_type=\"image.default\">\n\t\t\t\t<div class=\"elementor-widget-container\">\n\t\t\t\t\t\t\t\t\t\t\t\t\t\t\t<img decoding=\"async\" width=\"702\" height=\"700\" src=\"https:\/\/www.witchcraft.museum\/wp-content\/uploads\/2025\/02\/Millenium-T-Tree-by-Josephine-Wall.webp\" class=\"attachment-medium_large size-medium_large wp-image-6302\" alt=\"\u201cMillenium T Tree\u201d by Josephine Wall\" srcset=\"https:\/\/www.witchcraft.museum\/wp-content\/uploads\/2025\/02\/Millenium-T-Tree-by-Josephine-Wall.webp 702w, https:\/\/www.witchcraft.museum\/wp-content\/uploads\/2025\/02\/Millenium-T-Tree-by-Josephine-Wall-300x300.webp 300w, https:\/\/www.witchcraft.museum\/wp-content\/uploads\/2025\/02\/Millenium-T-Tree-by-Josephine-Wall-150x150.webp 150w\" sizes=\"(max-width: 702px) 100vw, 702px\" \/>\t\t\t\t\t\t\t\t\t\t\t\t\t\t\t<\/div>\n\t\t\t\t<\/div>\n\t\t\t\t<\/div>\n\t\t<div class=\"elementor-element elementor-element-18e92cc e-con-full e-flex e-con e-child\" data-id=\"18e92cc\" data-element_type=\"container\" data-e-type=\"container\" data-settings=\"{&quot;ekit_has_onepagescroll_dot&quot;:&quot;yes&quot;}\">\n\t\t\t\t<div class=\"elementor-element elementor-element-0abc623 elementor-widget elementor-widget-heading\" data-id=\"0abc623\" data-element_type=\"widget\" data-e-type=\"widget\" data-settings=\"{&quot;ekit_we_effect_on&quot;:&quot;none&quot;}\" data-widget_type=\"heading.default\">\n\t\t\t\t<div class=\"elementor-widget-container\">\n\t\t\t\t\t<h3 class=\"elementor-heading-title elementor-size-default\">Vaudou<\/h3>\t\t\t\t<\/div>\n\t\t\t\t<\/div>\n\t\t\t\t<div class=\"elementor-element elementor-element-a86df76 elementor-widget elementor-widget-button\" data-id=\"a86df76\" data-element_type=\"widget\" data-e-type=\"widget\" data-settings=\"{&quot;ekit_we_effect_on&quot;:&quot;none&quot;}\" data-widget_type=\"button.default\">\n\t\t\t\t<div class=\"elementor-widget-container\">\n\t\t\t\t\t\t\t\t\t<div class=\"elementor-button-wrapper\">\n\t\t\t\t\t<a class=\"elementor-button elementor-button-link elementor-size-sm\" href=\"https:\/\/www.witchcraft.museum\/fr\/vaudou\/\">\n\t\t\t\t\t\t<span class=\"elementor-button-content-wrapper\">\n\t\t\t\t\t\t\t\t\t<span class=\"elementor-button-text\">Cliquez ici<\/span>\n\t\t\t\t\t<\/span>\n\t\t\t\t\t<\/a>\n\t\t\t\t<\/div>\n\t\t\t\t\t\t\t\t<\/div>\n\t\t\t\t<\/div>\n\t\t\t\t<div class=\"elementor-element elementor-element-523d2c1 elementor-widget elementor-widget-image\" data-id=\"523d2c1\" data-element_type=\"widget\" data-e-type=\"widget\" data-settings=\"{&quot;ekit_we_effect_on&quot;:&quot;none&quot;}\" data-widget_type=\"image.default\">\n\t\t\t\t<div class=\"elementor-widget-container\">\n\t\t\t\t\t\t\t\t\t\t\t\t\t\t\t<img loading=\"lazy\" decoding=\"async\" width=\"700\" height=\"700\" src=\"https:\/\/www.witchcraft.museum\/wp-content\/uploads\/2025\/02\/voodoo-en-trance.webp\" class=\"attachment-medium_large size-medium_large wp-image-6316\" alt=\"voodoo en trance\" srcset=\"https:\/\/www.witchcraft.museum\/wp-content\/uploads\/2025\/02\/voodoo-en-trance.webp 700w, https:\/\/www.witchcraft.museum\/wp-content\/uploads\/2025\/02\/voodoo-en-trance-300x300.webp 300w, https:\/\/www.witchcraft.museum\/wp-content\/uploads\/2025\/02\/voodoo-en-trance-150x150.webp 150w\" sizes=\"(max-width: 700px) 100vw, 700px\" \/>\t\t\t\t\t\t\t\t\t\t\t\t\t\t\t<\/div>\n\t\t\t\t<\/div>\n\t\t\t\t<\/div>\n\t\t<div class=\"elementor-element elementor-element-7bf8a0a e-con-full e-flex e-con e-child\" data-id=\"7bf8a0a\" data-element_type=\"container\" data-e-type=\"container\" data-settings=\"{&quot;ekit_has_onepagescroll_dot&quot;:&quot;yes&quot;}\">\n\t\t\t\t<div class=\"elementor-element elementor-element-5e7d74f elementor-widget elementor-widget-heading\" data-id=\"5e7d74f\" data-element_type=\"widget\" data-e-type=\"widget\" data-settings=\"{&quot;ekit_we_effect_on&quot;:&quot;none&quot;}\" data-widget_type=\"heading.default\">\n\t\t\t\t<div class=\"elementor-widget-container\">\n\t\t\t\t\t<h3 class=\"elementor-heading-title elementor-size-default\">Magie<\/h3>\t\t\t\t<\/div>\n\t\t\t\t<\/div>\n\t\t\t\t<div class=\"elementor-element elementor-element-66ba072 elementor-widget elementor-widget-button\" data-id=\"66ba072\" data-element_type=\"widget\" data-e-type=\"widget\" data-settings=\"{&quot;ekit_we_effect_on&quot;:&quot;none&quot;}\" data-widget_type=\"button.default\">\n\t\t\t\t<div class=\"elementor-widget-container\">\n\t\t\t\t\t\t\t\t\t<div class=\"elementor-button-wrapper\">\n\t\t\t\t\t<a class=\"elementor-button elementor-button-link elementor-size-sm\" href=\"https:\/\/www.witchcraft.museum\/fr\/magie\/\">\n\t\t\t\t\t\t<span class=\"elementor-button-content-wrapper\">\n\t\t\t\t\t\t\t\t\t<span class=\"elementor-button-text\">Cliquez ici<\/span>\n\t\t\t\t\t<\/span>\n\t\t\t\t\t<\/a>\n\t\t\t\t<\/div>\n\t\t\t\t\t\t\t\t<\/div>\n\t\t\t\t<\/div>\n\t\t\t\t<div class=\"elementor-element elementor-element-1765f83 elementor-widget elementor-widget-image\" data-id=\"1765f83\" data-element_type=\"widget\" data-e-type=\"widget\" data-settings=\"{&quot;ekit_we_effect_on&quot;:&quot;none&quot;}\" data-widget_type=\"image.default\">\n\t\t\t\t<div class=\"elementor-widget-container\">\n\t\t\t\t\t\t\t\t\t\t\t\t\t\t\t<img loading=\"lazy\" decoding=\"async\" width=\"700\" height=\"700\" src=\"https:\/\/www.witchcraft.museum\/wp-content\/uploads\/2025\/02\/thurston-magie-en-illusionisme.webp\" class=\"attachment-medium_large size-medium_large wp-image-6331\" alt=\"thurston, magie en illusionisme\" srcset=\"https:\/\/www.witchcraft.museum\/wp-content\/uploads\/2025\/02\/thurston-magie-en-illusionisme.webp 700w, https:\/\/www.witchcraft.museum\/wp-content\/uploads\/2025\/02\/thurston-magie-en-illusionisme-300x300.webp 300w, https:\/\/www.witchcraft.museum\/wp-content\/uploads\/2025\/02\/thurston-magie-en-illusionisme-150x150.webp 150w\" sizes=\"(max-width: 700px) 100vw, 700px\" \/>\t\t\t\t\t\t\t\t\t\t\t\t\t\t\t<\/div>\n\t\t\t\t<\/div>\n\t\t\t\t<\/div>\n\t\t\t\t\t<\/div>\n\t\t\t\t<\/div>\n\t\t\t\t<\/div>\n\t\t","protected":false},"excerpt":{"rendered":"<p>le mus\u00e9e de la sorci\u00e8re par th\u00e8me La sorcellerie sous diff\u00e9rentes formes Le mus\u00e9e des sorci\u00e8res ne se limite pas \u00e0 une seule forme de sorcellerie. Nous vous proposons un aper\u00e7u des formes les plus connues dans nos pages th\u00e9matiques. Sorcellerie Cliquez ici Chamanisme Cliquez ici Wicca Cliquez ici Vaudou Cliquez ici Magie Cliquez ici<\/p>\n","protected":false},"author":1,"featured_media":0,"parent":0,"menu_order":0,"comment_status":"closed","ping_status":"closed","template":"","meta":{"footnotes":""},"class_list":["post-8756","page","type-page","status-publish","hentry"],"yoast_head":"<!-- This site is optimized with the Yoast SEO plugin v24.5 - https:\/\/yoast.com\/wordpress\/plugins\/seo\/ -->\n<title>Class\u00e9s par th\u00e8mes. Les formes de sorcellerie les plus connues<\/title>\n<meta name=\"description\" content=\"Les attractions du mus\u00e9e de la sorcellerie ont \u00e9t\u00e9 class\u00e9es par th\u00e8me pour vous, en ligne et hors ligne.\" \/>\n<meta name=\"robots\" content=\"noindex, follow, max-snippet:-1, max-image-preview:large, max-video-preview:-1\" \/>\n<meta property=\"og:locale\" content=\"fr_FR\" \/>\n<meta property=\"og:type\" content=\"article\" \/>\n<meta property=\"og:title\" content=\"Class\u00e9s par th\u00e8mes. Les formes de sorcellerie les plus connues\" \/>\n<meta property=\"og:description\" content=\"Les attractions du mus\u00e9e de la sorcellerie ont \u00e9t\u00e9 class\u00e9es par th\u00e8me pour vous, en ligne et hors ligne.\" \/>\n<meta property=\"og:url\" content=\"https:\/\/www.witchcraft.museum\/fr\/thematique\/\" \/>\n<meta property=\"og:site_name\" content=\"witchcraft museum\" \/>\n<meta property=\"article:modified_time\" content=\"2025-02-28T17:01:06+00:00\" \/>\n<meta property=\"og:image\" content=\"https:\/\/www.witchcraft.museum\/wp-content\/uploads\/2025\/02\/hekserij.webp\" \/>\n\t<meta property=\"og:image:width\" content=\"700\" \/>\n\t<meta property=\"og:image:height\" content=\"700\" \/>\n\t<meta property=\"og:image:type\" content=\"image\/webp\" \/>\n<meta name=\"twitter:card\" content=\"summary_large_image\" \/>\n<script type=\"application\/ld+json\" class=\"yoast-schema-graph\">{\"@context\":\"https:\/\/schema.org\",\"@graph\":[{\"@type\":\"WebPage\",\"@id\":\"https:\/\/www.witchcraft.museum\/fr\/thematique\/\",\"url\":\"https:\/\/www.witchcraft.museum\/fr\/thematique\/\",\"name\":\"Class\u00e9s par th\u00e8mes. Les formes de sorcellerie les plus connues\",\"isPartOf\":{\"@id\":\"https:\/\/www.witchcraft.museum\/fr\/#website\"},\"primaryImageOfPage\":{\"@id\":\"https:\/\/www.witchcraft.museum\/fr\/thematique\/#primaryimage\"},\"image\":{\"@id\":\"https:\/\/www.witchcraft.museum\/fr\/thematique\/#primaryimage\"},\"thumbnailUrl\":\"https:\/\/www.witchcraft.museum\/wp-content\/uploads\/2025\/02\/hekserij.webp\",\"datePublished\":\"2025-02-22T15:51:51+00:00\",\"dateModified\":\"2025-02-28T17:01:06+00:00\",\"description\":\"Les attractions du mus\u00e9e de la sorcellerie ont \u00e9t\u00e9 class\u00e9es par th\u00e8me pour vous, en ligne et hors ligne.\",\"breadcrumb\":{\"@id\":\"https:\/\/www.witchcraft.museum\/fr\/thematique\/#breadcrumb\"},\"inLanguage\":\"fr-FR\",\"potentialAction\":[{\"@type\":\"ReadAction\",\"target\":[\"https:\/\/www.witchcraft.museum\/fr\/thematique\/\"]}]},{\"@type\":\"ImageObject\",\"inLanguage\":\"fr-FR\",\"@id\":\"https:\/\/www.witchcraft.museum\/fr\/thematique\/#primaryimage\",\"url\":\"https:\/\/www.witchcraft.museum\/wp-content\/uploads\/2025\/02\/hekserij.webp\",\"contentUrl\":\"https:\/\/www.witchcraft.museum\/wp-content\/uploads\/2025\/02\/hekserij.webp\"},{\"@type\":\"BreadcrumbList\",\"@id\":\"https:\/\/www.witchcraft.museum\/fr\/thematique\/#breadcrumb\",\"itemListElement\":[{\"@type\":\"ListItem\",\"position\":1,\"name\":\"Home\",\"item\":\"https:\/\/www.witchcraft.museum\/fr\/domicile\/\"},{\"@type\":\"ListItem\",\"position\":2,\"name\":\"th\u00e9matique\"}]},{\"@type\":\"WebSite\",\"@id\":\"https:\/\/www.witchcraft.museum\/fr\/#website\",\"url\":\"https:\/\/www.witchcraft.museum\/fr\/\",\"name\":\"witchcraft museum\",\"description\":\"Te midden van historisch Brugge\",\"publisher\":{\"@id\":\"https:\/\/www.witchcraft.museum\/fr\/#organization\"},\"potentialAction\":[{\"@type\":\"SearchAction\",\"target\":{\"@type\":\"EntryPoint\",\"urlTemplate\":\"https:\/\/www.witchcraft.museum\/fr\/?s={search_term_string}\"},\"query-input\":{\"@type\":\"PropertyValueSpecification\",\"valueRequired\":true,\"valueName\":\"search_term_string\"}}],\"inLanguage\":\"fr-FR\"},{\"@type\":\"Organization\",\"@id\":\"https:\/\/www.witchcraft.museum\/fr\/#organization\",\"name\":\"witchcraft museum\",\"url\":\"https:\/\/www.witchcraft.museum\/fr\/\",\"logo\":{\"@type\":\"ImageObject\",\"inLanguage\":\"fr-FR\",\"@id\":\"https:\/\/www.witchcraft.museum\/fr\/#\/schema\/logo\/image\/\",\"url\":\"https:\/\/www.witchcraft.museum\/wp-content\/uploads\/2025\/02\/witchcraft-museum-logo-black-rgb.svg\",\"contentUrl\":\"https:\/\/www.witchcraft.museum\/wp-content\/uploads\/2025\/02\/witchcraft-museum-logo-black-rgb.svg\",\"width\":223,\"height\":49,\"caption\":\"witchcraft museum\"},\"image\":{\"@id\":\"https:\/\/www.witchcraft.museum\/fr\/#\/schema\/logo\/image\/\"}}]}<\/script>\n<!-- \/ Yoast SEO plugin. -->","yoast_head_json":{"title":"Class\u00e9s par th\u00e8mes. Les formes de sorcellerie les plus connues","description":"Les attractions du mus\u00e9e de la sorcellerie ont \u00e9t\u00e9 class\u00e9es par th\u00e8me pour vous, en ligne et hors ligne.","robots":{"index":"noindex","follow":"follow","max-snippet":"max-snippet:-1","max-image-preview":"max-image-preview:large","max-video-preview":"max-video-preview:-1"},"og_locale":"fr_FR","og_type":"article","og_title":"Class\u00e9s par th\u00e8mes. Les formes de sorcellerie les plus connues","og_description":"Les attractions du mus\u00e9e de la sorcellerie ont \u00e9t\u00e9 class\u00e9es par th\u00e8me pour vous, en ligne et hors ligne.","og_url":"https:\/\/www.witchcraft.museum\/fr\/thematique\/","og_site_name":"witchcraft museum","article_modified_time":"2025-02-28T17:01:06+00:00","og_image":[{"width":700,"height":700,"url":"https:\/\/www.witchcraft.museum\/wp-content\/uploads\/2025\/02\/hekserij.webp","type":"image\/webp"}],"twitter_card":"summary_large_image","schema":{"@context":"https:\/\/schema.org","@graph":[{"@type":"WebPage","@id":"https:\/\/www.witchcraft.museum\/fr\/thematique\/","url":"https:\/\/www.witchcraft.museum\/fr\/thematique\/","name":"Class\u00e9s par th\u00e8mes. Les formes de sorcellerie les plus connues","isPartOf":{"@id":"https:\/\/www.witchcraft.museum\/fr\/#website"},"primaryImageOfPage":{"@id":"https:\/\/www.witchcraft.museum\/fr\/thematique\/#primaryimage"},"image":{"@id":"https:\/\/www.witchcraft.museum\/fr\/thematique\/#primaryimage"},"thumbnailUrl":"https:\/\/www.witchcraft.museum\/wp-content\/uploads\/2025\/02\/hekserij.webp","datePublished":"2025-02-22T15:51:51+00:00","dateModified":"2025-02-28T17:01:06+00:00","description":"Les attractions du mus\u00e9e de la sorcellerie ont \u00e9t\u00e9 class\u00e9es par th\u00e8me pour vous, en ligne et hors ligne.","breadcrumb":{"@id":"https:\/\/www.witchcraft.museum\/fr\/thematique\/#breadcrumb"},"inLanguage":"fr-FR","potentialAction":[{"@type":"ReadAction","target":["https:\/\/www.witchcraft.museum\/fr\/thematique\/"]}]},{"@type":"ImageObject","inLanguage":"fr-FR","@id":"https:\/\/www.witchcraft.museum\/fr\/thematique\/#primaryimage","url":"https:\/\/www.witchcraft.museum\/wp-content\/uploads\/2025\/02\/hekserij.webp","contentUrl":"https:\/\/www.witchcraft.museum\/wp-content\/uploads\/2025\/02\/hekserij.webp"},{"@type":"BreadcrumbList","@id":"https:\/\/www.witchcraft.museum\/fr\/thematique\/#breadcrumb","itemListElement":[{"@type":"ListItem","position":1,"name":"Home","item":"https:\/\/www.witchcraft.museum\/fr\/domicile\/"},{"@type":"ListItem","position":2,"name":"th\u00e9matique"}]},{"@type":"WebSite","@id":"https:\/\/www.witchcraft.museum\/fr\/#website","url":"https:\/\/www.witchcraft.museum\/fr\/","name":"witchcraft museum","description":"Te midden van historisch Brugge","publisher":{"@id":"https:\/\/www.witchcraft.museum\/fr\/#organization"},"potentialAction":[{"@type":"SearchAction","target":{"@type":"EntryPoint","urlTemplate":"https:\/\/www.witchcraft.museum\/fr\/?s={search_term_string}"},"query-input":{"@type":"PropertyValueSpecification","valueRequired":true,"valueName":"search_term_string"}}],"inLanguage":"fr-FR"},{"@type":"Organization","@id":"https:\/\/www.witchcraft.museum\/fr\/#organization","name":"witchcraft museum","url":"https:\/\/www.witchcraft.museum\/fr\/","logo":{"@type":"ImageObject","inLanguage":"fr-FR","@id":"https:\/\/www.witchcraft.museum\/fr\/#\/schema\/logo\/image\/","url":"https:\/\/www.witchcraft.museum\/wp-content\/uploads\/2025\/02\/witchcraft-museum-logo-black-rgb.svg","contentUrl":"https:\/\/www.witchcraft.museum\/wp-content\/uploads\/2025\/02\/witchcraft-museum-logo-black-rgb.svg","width":223,"height":49,"caption":"witchcraft museum"},"image":{"@id":"https:\/\/www.witchcraft.museum\/fr\/#\/schema\/logo\/image\/"}}]}},"_links":{"self":[{"href":"https:\/\/www.witchcraft.museum\/fr\/wp-json\/wp\/v2\/pages\/8756","targetHints":{"allow":["GET"]}}],"collection":[{"href":"https:\/\/www.witchcraft.museum\/fr\/wp-json\/wp\/v2\/pages"}],"about":[{"href":"https:\/\/www.witchcraft.museum\/fr\/wp-json\/wp\/v2\/types\/page"}],"author":[{"embeddable":true,"href":"https:\/\/www.witchcraft.museum\/fr\/wp-json\/wp\/v2\/users\/1"}],"replies":[{"embeddable":true,"href":"https:\/\/www.witchcraft.museum\/fr\/wp-json\/wp\/v2\/comments?post=8756"}],"version-history":[{"count":1,"href":"https:\/\/www.witchcraft.museum\/fr\/wp-json\/wp\/v2\/pages\/8756\/revisions"}],"predecessor-version":[{"id":8759,"href":"https:\/\/www.witchcraft.museum\/fr\/wp-json\/wp\/v2\/pages\/8756\/revisions\/8759"}],"wp:attachment":[{"href":"https:\/\/www.witchcraft.museum\/fr\/wp-json\/wp\/v2\/media?parent=8756"}],"curies":[{"name":"wp","href":"https:\/\/api.w.org\/{rel}","templated":true}]}}