{"id":8738,"date":"2025-01-08T19:15:12","date_gmt":"2025-01-08T18:15:12","guid":{"rendered":"https:\/\/www.witchcraft.museum\/contact\/"},"modified":"2025-02-28T18:01:07","modified_gmt":"2025-02-28T17:01:07","slug":"contact","status":"publish","type":"page","link":"https:\/\/www.witchcraft.museum\/fr\/contact\/","title":{"rendered":"contact"},"content":{"rendered":"\t\t<div data-elementor-type=\"wp-page\" data-elementor-id=\"8738\" class=\"elementor elementor-8738 elementor-5958\" data-elementor-post-type=\"page\">\n\t\t\t\t<div class=\"elementor-element elementor-element-6fc9c585 e-flex e-con-boxed e-con e-parent\" data-id=\"6fc9c585\" data-element_type=\"container\" data-e-type=\"container\" data-settings=\"{&quot;ekit_has_onepagescroll_dot&quot;:&quot;yes&quot;}\">\n\t\t\t\t\t<div class=\"e-con-inner\">\n\t\t<div class=\"elementor-element elementor-element-43ae39a6 e-flex e-con-boxed e-con e-child\" data-id=\"43ae39a6\" data-element_type=\"container\" data-e-type=\"container\" data-settings=\"{&quot;background_background&quot;:&quot;classic&quot;,&quot;ekit_has_onepagescroll_dot&quot;:&quot;yes&quot;}\">\n\t\t\t\t\t<div class=\"e-con-inner\">\n\t\t<div class=\"elementor-element elementor-element-53478b5e e-con-full e-flex e-con e-child\" data-id=\"53478b5e\" data-element_type=\"container\" data-e-type=\"container\" data-settings=\"{&quot;ekit_has_onepagescroll_dot&quot;:&quot;yes&quot;}\">\n\t\t\t\t<div class=\"elementor-element elementor-element-515ac477 elementor-widget elementor-widget-heading\" data-id=\"515ac477\" data-element_type=\"widget\" data-e-type=\"widget\" data-settings=\"{&quot;ekit_we_effect_on&quot;:&quot;none&quot;}\" data-widget_type=\"heading.default\">\n\t\t\t\t<div class=\"elementor-widget-container\">\n\t\t\t\t\t<h1 class=\"elementor-heading-title elementor-size-default\">Page de contact<\/h1>\t\t\t\t<\/div>\n\t\t\t\t<\/div>\n\t\t\t\t<\/div>\n\t\t\t\t\t<\/div>\n\t\t\t\t<\/div>\n\t\t\t\t\t<\/div>\n\t\t\t\t<\/div>\n\t\t<div class=\"elementor-element elementor-element-89fc389 e-flex e-con-boxed e-con e-parent\" data-id=\"89fc389\" data-element_type=\"container\" data-e-type=\"container\" data-settings=\"{&quot;ekit_has_onepagescroll_dot&quot;:&quot;yes&quot;}\">\n\t\t\t\t\t<div class=\"e-con-inner\">\n\t\t\t\t<div class=\"elementor-element elementor-element-fb81e34 elementor-widget elementor-widget-heading\" data-id=\"fb81e34\" data-element_type=\"widget\" data-e-type=\"widget\" data-settings=\"{&quot;ekit_we_effect_on&quot;:&quot;none&quot;}\" data-widget_type=\"heading.default\">\n\t\t\t\t<div class=\"elementor-widget-container\">\n\t\t\t\t\t<h2 class=\"elementor-heading-title elementor-size-default\">La route du mus\u00e9e<\/h2>\t\t\t\t<\/div>\n\t\t\t\t<\/div>\n\t\t\t\t\t<\/div>\n\t\t\t\t<\/div>\n\t\t<div class=\"elementor-element elementor-element-d0165b6 e-flex e-con-boxed e-con e-parent\" data-id=\"d0165b6\" data-element_type=\"container\" data-e-type=\"container\" data-settings=\"{&quot;ekit_has_onepagescroll_dot&quot;:&quot;yes&quot;}\">\n\t\t\t\t\t<div class=\"e-con-inner\">\n\t\t<div class=\"elementor-element elementor-element-cff3094 e-con-full e-flex e-con e-child\" data-id=\"cff3094\" data-element_type=\"container\" data-e-type=\"container\" data-settings=\"{&quot;ekit_has_onepagescroll_dot&quot;:&quot;yes&quot;}\">\n\t\t\t\t<div class=\"elementor-element elementor-element-8ef767b elementor-view-default elementor-position-block-start elementor-mobile-position-block-start elementor-widget elementor-widget-icon-box\" data-id=\"8ef767b\" data-element_type=\"widget\" data-e-type=\"widget\" data-settings=\"{&quot;ekit_we_effect_on&quot;:&quot;none&quot;}\" data-widget_type=\"icon-box.default\">\n\t\t\t\t<div class=\"elementor-widget-container\">\n\t\t\t\t\t\t\t<div class=\"elementor-icon-box-wrapper\">\n\n\t\t\t\t\t\t<div class=\"elementor-icon-box-icon\">\n\t\t\t\t<span  class=\"elementor-icon\">\n\t\t\t\t<i aria-hidden=\"true\" class=\"jki jki-internet-light\"><\/i>\t\t\t\t<\/span>\n\t\t\t<\/div>\n\t\t\t\n\t\t\t\t\t\t<div class=\"elementor-icon-box-content\">\n\n\t\t\t\t\t\t\t\t\t<h3 class=\"elementor-icon-box-title\">\n\t\t\t\t\t\t<span  >\n\t\t\t\t\t\t\tEn ligne\t\t\t\t\t\t<\/span>\n\t\t\t\t\t<\/h3>\n\t\t\t\t\n\t\t\t\t\t\t\t\t\t<p class=\"elementor-icon-box-description\">\n\t\t\t\t\t\tToutes les informations sur le mus\u00e9e via Internet.\t\t\t\t\t<\/p>\n\t\t\t\t\n\t\t\t<\/div>\n\t\t\t\n\t\t<\/div>\n\t\t\t\t\t\t<\/div>\n\t\t\t\t<\/div>\n\t\t\t\t<div class=\"elementor-element elementor-element-653364a elementor-widget elementor-widget-text-editor\" data-id=\"653364a\" data-element_type=\"widget\" data-e-type=\"widget\" data-settings=\"{&quot;ekit_we_effect_on&quot;:&quot;none&quot;}\" data-widget_type=\"text-editor.default\">\n\t\t\t\t<div class=\"elementor-widget-container\">\n\t\t\t\t\t\t\t\t\t<p>Contactez-nous \u00e0 l&rsquo;adresse suivante <a href=\"mailto:info@witchcraft.museum\">: info@witchcraft.museum<\/a><\/p>\t\t\t\t\t\t\t\t<\/div>\n\t\t\t\t<\/div>\n\t\t\t\t<div class=\"elementor-element elementor-element-88e85ee elementor-widget elementor-widget-heading\" data-id=\"88e85ee\" data-element_type=\"widget\" data-e-type=\"widget\" data-settings=\"{&quot;ekit_we_effect_on&quot;:&quot;none&quot;}\" data-widget_type=\"heading.default\">\n\t\t\t\t<div class=\"elementor-widget-container\">\n\t\t\t\t\t<h4 class=\"elementor-heading-title elementor-size-default\">Transports publics \u00e0 Bruges<\/h4>\t\t\t\t<\/div>\n\t\t\t\t<\/div>\n\t\t\t\t<div class=\"elementor-element elementor-element-955f4a4 elementor-widget elementor-widget-text-editor\" data-id=\"955f4a4\" data-element_type=\"widget\" data-e-type=\"widget\" data-settings=\"{&quot;ekit_we_effect_on&quot;:&quot;none&quot;}\" data-widget_type=\"text-editor.default\">\n\t\t\t\t<div class=\"elementor-widget-container\">\n\t\t\t\t\t\t\t\t\t<p><a href=\"https:\/\/www.brugge.be\/mobiliteit\/duurzaam-verplaatsen\/duurzaam-met-het-openbaar-vervoer\/openbaarvervoersplan-brugge\">Plus d&rsquo;informations.  <\/a><\/p>\t\t\t\t\t\t\t\t<\/div>\n\t\t\t\t<\/div>\n\t\t\t\t<div class=\"elementor-element elementor-element-06c8423 elementor-widget elementor-widget-text-editor\" data-id=\"06c8423\" data-element_type=\"widget\" data-e-type=\"widget\" data-settings=\"{&quot;ekit_we_effect_on&quot;:&quot;none&quot;}\" data-widget_type=\"text-editor.default\">\n\t\t\t\t<div class=\"elementor-widget-container\">\n\t\t\t\t\t\t\t\t\t<p>Attention, vous quittez notre site web !<\/p>\t\t\t\t\t\t\t\t<\/div>\n\t\t\t\t<\/div>\n\t\t\t\t<div class=\"elementor-element elementor-element-8a005e5 elementor-widget elementor-widget-heading\" data-id=\"8a005e5\" data-element_type=\"widget\" data-e-type=\"widget\" data-settings=\"{&quot;ekit_we_effect_on&quot;:&quot;none&quot;}\" data-widget_type=\"heading.default\">\n\t\t\t\t<div class=\"elementor-widget-container\">\n\t\t\t\t\t<h4 class=\"elementor-heading-title elementor-size-default\">Recommandations \u00e0 la m\u00eame adresse<\/h4>\t\t\t\t<\/div>\n\t\t\t\t<\/div>\n\t\t\t\t<div class=\"elementor-element elementor-element-428df9f elementor-widget elementor-widget-text-editor\" data-id=\"428df9f\" data-element_type=\"widget\" data-e-type=\"widget\" data-settings=\"{&quot;ekit_we_effect_on&quot;:&quot;none&quot;}\" data-widget_type=\"text-editor.default\">\n\t\t\t\t<div class=\"elementor-widget-container\">\n\t\t\t\t\t\t\t\t\t<ul><li>Combinez la visite du mus\u00e9e des sorci\u00e8res avec celle <a href=\"https:\/\/www.torturemuseum.be\/\"> du \u00ab\u00a0mus\u00e9e de la torture\u00a0\u00bb<\/a><\/li><\/ul>\t\t\t\t\t\t\t\t<\/div>\n\t\t\t\t<\/div>\n\t\t\t\t<div class=\"elementor-element elementor-element-b3e9b52 elementor-widget elementor-widget-text-editor\" data-id=\"b3e9b52\" data-element_type=\"widget\" data-e-type=\"widget\" data-settings=\"{&quot;ekit_we_effect_on&quot;:&quot;none&quot;}\" data-widget_type=\"text-editor.default\">\n\t\t\t\t<div class=\"elementor-widget-container\">\n\t\t\t\t\t\t\t\t\t<ul><li>D\u00e9gustez une gaufre sucr\u00e9e ou sal\u00e9e \u00e0 la<a href=\"https:\/\/thehouseofwaffles.com\/brugge\/\">\u00ab\u00a0maison des gaufres<\/a>\u00ab\u00a0.<\/li><\/ul>\t\t\t\t\t\t\t\t<\/div>\n\t\t\t\t<\/div>\n\t\t\t\t<div class=\"elementor-element elementor-element-dbacfc4 elementor-widget elementor-widget-text-editor\" data-id=\"dbacfc4\" data-element_type=\"widget\" data-e-type=\"widget\" data-settings=\"{&quot;ekit_we_effect_on&quot;:&quot;none&quot;}\" data-widget_type=\"text-editor.default\">\n\t\t\t\t<div class=\"elementor-widget-container\">\n\t\t\t\t\t\t\t\t\t<p>Attention, vous quittez notre site web !<\/p>\t\t\t\t\t\t\t\t<\/div>\n\t\t\t\t<\/div>\n\t\t\t\t<\/div>\n\t\t<div class=\"elementor-element elementor-element-1b3abf2 e-con-full e-flex e-con e-child\" data-id=\"1b3abf2\" data-element_type=\"container\" data-e-type=\"container\" data-settings=\"{&quot;ekit_has_onepagescroll_dot&quot;:&quot;yes&quot;}\">\n\t\t\t\t<div class=\"elementor-element elementor-element-d676b40 elementor-view-default elementor-position-block-start elementor-mobile-position-block-start elementor-widget elementor-widget-icon-box\" data-id=\"d676b40\" data-element_type=\"widget\" data-e-type=\"widget\" data-settings=\"{&quot;ekit_we_effect_on&quot;:&quot;none&quot;}\" data-widget_type=\"icon-box.default\">\n\t\t\t\t<div class=\"elementor-widget-container\">\n\t\t\t\t\t\t\t<div class=\"elementor-icon-box-wrapper\">\n\n\t\t\t\t\t\t<div class=\"elementor-icon-box-icon\">\n\t\t\t\t<span  class=\"elementor-icon\">\n\t\t\t\t<svg aria-hidden=\"true\" class=\"e-font-icon-svg e-fas-walking\" viewBox=\"0 0 320 512\" xmlns=\"http:\/\/www.w3.org\/2000\/svg\"><path d=\"M208 96c26.5 0 48-21.5 48-48S234.5 0 208 0s-48 21.5-48 48 21.5 48 48 48zm94.5 149.1l-23.3-11.8-9.7-29.4c-14.7-44.6-55.7-75.8-102.2-75.9-36-.1-55.9 10.1-93.3 25.2-21.6 8.7-39.3 25.2-49.7 46.2L17.6 213c-7.8 15.8-1.5 35 14.2 42.9 15.6 7.9 34.6 1.5 42.5-14.3L81 228c3.5-7 9.3-12.5 16.5-15.4l26.8-10.8-15.2 60.7c-5.2 20.8.4 42.9 14.9 58.8l59.9 65.4c7.2 7.9 12.3 17.4 14.9 27.7l18.3 73.3c4.3 17.1 21.7 27.6 38.8 23.3 17.1-4.3 27.6-21.7 23.3-38.8l-22.2-89c-2.6-10.3-7.7-19.9-14.9-27.7l-45.5-49.7 17.2-68.7 5.5 16.5c5.3 16.1 16.7 29.4 31.7 37l23.3 11.8c15.6 7.9 34.6 1.5 42.5-14.3 7.7-15.7 1.4-35.1-14.3-43zM73.6 385.8c-3.2 8.1-8 15.4-14.2 21.5l-50 50.1c-12.5 12.5-12.5 32.8 0 45.3s32.7 12.5 45.2 0l59.4-59.4c6.1-6.1 10.9-13.4 14.2-21.5l13.5-33.8c-55.3-60.3-38.7-41.8-47.4-53.7l-20.7 51.5z\"><\/path><\/svg>\t\t\t\t<\/span>\n\t\t\t<\/div>\n\t\t\t\n\t\t\t\t\t\t<div class=\"elementor-icon-box-content\">\n\n\t\t\t\t\t\t\t\t\t<h3 class=\"elementor-icon-box-title\">\n\t\t\t\t\t\t<span  >\n\t\t\t\t\t\t\tHors ligne\t\t\t\t\t\t<\/span>\n\t\t\t\t\t<\/h3>\n\t\t\t\t\n\t\t\t\t\t\t\t\t\t<p class=\"elementor-icon-box-description\">\n\t\t\t\t\t\tToutes les adresses des mus\u00e9es  \t\t\t\t\t<\/p>\n\t\t\t\t\n\t\t\t<\/div>\n\t\t\t\n\t\t<\/div>\n\t\t\t\t\t\t<\/div>\n\t\t\t\t<\/div>\n\t\t\t\t<div class=\"elementor-element elementor-element-5883930 elementor-widget elementor-widget-text-editor\" data-id=\"5883930\" data-element_type=\"widget\" data-e-type=\"widget\" data-settings=\"{&quot;ekit_we_effect_on&quot;:&quot;none&quot;}\" data-widget_type=\"text-editor.default\">\n\t\t\t\t<div class=\"elementor-widget-container\">\n\t\t\t\t\t\t\t\t\t<ul><li>Mus\u00e9e des sorci\u00e8res<\/li><li>Wollestraat 16<\/li><li>8000 Bruges<\/li><li>Belgique  <\/li><\/ul>\t\t\t\t\t\t\t\t<\/div>\n\t\t\t\t<\/div>\n\t\t\t\t<div class=\"elementor-element elementor-element-893581c elementor-widget elementor-widget-heading\" data-id=\"893581c\" data-element_type=\"widget\" data-e-type=\"widget\" data-settings=\"{&quot;ekit_we_effect_on&quot;:&quot;none&quot;}\" data-widget_type=\"heading.default\">\n\t\t\t\t<div class=\"elementor-widget-container\">\n\t\t\t\t\t<h4 class=\"elementor-heading-title elementor-size-default\">mettre le mus\u00e9e des sorci\u00e8res sur la carte<\/h4>\t\t\t\t<\/div>\n\t\t\t\t<\/div>\n\t\t\t\t<div class=\"elementor-element elementor-element-1e2a461 elementor-widget elementor-widget-google_maps\" data-id=\"1e2a461\" data-element_type=\"widget\" data-e-type=\"widget\" data-settings=\"{&quot;ekit_we_effect_on&quot;:&quot;none&quot;}\" data-widget_type=\"google_maps.default\">\n\t\t\t\t<div class=\"elementor-widget-container\">\n\t\t\t\t\t\t\t<div class=\"elementor-custom-embed\">\n\t\t\t<iframe loading=\"lazy\"\n\t\t\t\t\tsrc=\"https:\/\/maps.google.com\/maps?q=heksenmuseum%2C%20wollestraat%2016%2C%208000%20Brugge%2C%20Belgie&#038;t=m&#038;z=10&#038;output=embed&#038;iwloc=near\"\n\t\t\t\t\ttitle=\"heksenmuseum, wollestraat 16, 8000 Brugge, Belgie\"\n\t\t\t\t\taria-label=\"heksenmuseum, wollestraat 16, 8000 Brugge, Belgie\"\n\t\t\t><\/iframe>\n\t\t<\/div>\n\t\t\t\t\t\t<\/div>\n\t\t\t\t<\/div>\n\t\t\t\t<\/div>\n\t\t\t\t\t<\/div>\n\t\t\t\t<\/div>\n\t\t\t\t<\/div>\n\t\t","protected":false},"excerpt":{"rendered":"<p>Page de contact La route du mus\u00e9e En ligne Toutes les informations sur le mus\u00e9e via Internet. Contactez-nous \u00e0 l&rsquo;adresse suivante : info@witchcraft.museum Transports publics \u00e0 Bruges Plus d&rsquo;informations. Attention, vous quittez notre site web ! Recommandations \u00e0 la m\u00eame adresse Combinez la visite du mus\u00e9e des sorci\u00e8res avec celle du \u00ab\u00a0mus\u00e9e de la torture\u00a0\u00bb [&hellip;]<\/p>\n","protected":false},"author":1,"featured_media":0,"parent":0,"menu_order":0,"comment_status":"closed","ping_status":"closed","template":"","meta":{"footnotes":""},"class_list":["post-8738","page","type-page","status-publish","hentry"],"yoast_head":"<!-- This site is optimized with the Yoast SEO plugin v24.5 - https:\/\/yoast.com\/wordpress\/plugins\/seo\/ -->\n<title>contact - witchcraft museum<\/title>\n<meta name=\"robots\" content=\"noindex, follow, max-snippet:-1, max-image-preview:large, max-video-preview:-1\" \/>\n<meta property=\"og:locale\" content=\"fr_FR\" \/>\n<meta property=\"og:type\" content=\"article\" \/>\n<meta property=\"og:title\" content=\"contact - witchcraft museum\" \/>\n<meta property=\"og:description\" content=\"Page de contact La route du mus\u00e9e En ligne Toutes les informations sur le mus\u00e9e via Internet. Contactez-nous \u00e0 l&rsquo;adresse suivante : info@witchcraft.museum Transports publics \u00e0 Bruges Plus d&rsquo;informations. Attention, vous quittez notre site web ! Recommandations \u00e0 la m\u00eame adresse Combinez la visite du mus\u00e9e des sorci\u00e8res avec celle du \u00ab\u00a0mus\u00e9e de la torture\u00a0\u00bb [&hellip;]\" \/>\n<meta property=\"og:url\" content=\"https:\/\/www.witchcraft.museum\/fr\/contact\/\" \/>\n<meta property=\"og:site_name\" content=\"witchcraft museum\" \/>\n<meta property=\"article:modified_time\" content=\"2025-02-28T17:01:07+00:00\" \/>\n<meta name=\"twitter:card\" content=\"summary_large_image\" \/>\n<meta name=\"twitter:label1\" content=\"Dur\u00e9e de lecture estim\u00e9e\" \/>\n\t<meta name=\"twitter:data1\" content=\"1 minute\" \/>\n<script type=\"application\/ld+json\" class=\"yoast-schema-graph\">{\"@context\":\"https:\/\/schema.org\",\"@graph\":[{\"@type\":\"WebPage\",\"@id\":\"https:\/\/www.witchcraft.museum\/fr\/contact\/\",\"url\":\"https:\/\/www.witchcraft.museum\/fr\/contact\/\",\"name\":\"contact - witchcraft museum\",\"isPartOf\":{\"@id\":\"https:\/\/www.witchcraft.museum\/fr\/#website\"},\"datePublished\":\"2025-01-08T18:15:12+00:00\",\"dateModified\":\"2025-02-28T17:01:07+00:00\",\"breadcrumb\":{\"@id\":\"https:\/\/www.witchcraft.museum\/fr\/contact\/#breadcrumb\"},\"inLanguage\":\"fr-FR\",\"potentialAction\":[{\"@type\":\"ReadAction\",\"target\":[\"https:\/\/www.witchcraft.museum\/fr\/contact\/\"]}]},{\"@type\":\"BreadcrumbList\",\"@id\":\"https:\/\/www.witchcraft.museum\/fr\/contact\/#breadcrumb\",\"itemListElement\":[{\"@type\":\"ListItem\",\"position\":1,\"name\":\"Home\",\"item\":\"https:\/\/www.witchcraft.museum\/fr\/domicile\/\"},{\"@type\":\"ListItem\",\"position\":2,\"name\":\"contact\"}]},{\"@type\":\"WebSite\",\"@id\":\"https:\/\/www.witchcraft.museum\/fr\/#website\",\"url\":\"https:\/\/www.witchcraft.museum\/fr\/\",\"name\":\"witchcraft museum\",\"description\":\"Te midden van historisch Brugge\",\"publisher\":{\"@id\":\"https:\/\/www.witchcraft.museum\/fr\/#organization\"},\"potentialAction\":[{\"@type\":\"SearchAction\",\"target\":{\"@type\":\"EntryPoint\",\"urlTemplate\":\"https:\/\/www.witchcraft.museum\/fr\/?s={search_term_string}\"},\"query-input\":{\"@type\":\"PropertyValueSpecification\",\"valueRequired\":true,\"valueName\":\"search_term_string\"}}],\"inLanguage\":\"fr-FR\"},{\"@type\":\"Organization\",\"@id\":\"https:\/\/www.witchcraft.museum\/fr\/#organization\",\"name\":\"witchcraft museum\",\"url\":\"https:\/\/www.witchcraft.museum\/fr\/\",\"logo\":{\"@type\":\"ImageObject\",\"inLanguage\":\"fr-FR\",\"@id\":\"https:\/\/www.witchcraft.museum\/fr\/#\/schema\/logo\/image\/\",\"url\":\"https:\/\/www.witchcraft.museum\/wp-content\/uploads\/2025\/02\/witchcraft-museum-logo-black-rgb.svg\",\"contentUrl\":\"https:\/\/www.witchcraft.museum\/wp-content\/uploads\/2025\/02\/witchcraft-museum-logo-black-rgb.svg\",\"width\":223,\"height\":49,\"caption\":\"witchcraft museum\"},\"image\":{\"@id\":\"https:\/\/www.witchcraft.museum\/fr\/#\/schema\/logo\/image\/\"}}]}<\/script>\n<!-- \/ Yoast SEO plugin. -->","yoast_head_json":{"title":"contact - witchcraft museum","robots":{"index":"noindex","follow":"follow","max-snippet":"max-snippet:-1","max-image-preview":"max-image-preview:large","max-video-preview":"max-video-preview:-1"},"og_locale":"fr_FR","og_type":"article","og_title":"contact - witchcraft museum","og_description":"Page de contact La route du mus\u00e9e En ligne Toutes les informations sur le mus\u00e9e via Internet. Contactez-nous \u00e0 l&rsquo;adresse suivante : info@witchcraft.museum Transports publics \u00e0 Bruges Plus d&rsquo;informations. Attention, vous quittez notre site web ! Recommandations \u00e0 la m\u00eame adresse Combinez la visite du mus\u00e9e des sorci\u00e8res avec celle du \u00ab\u00a0mus\u00e9e de la torture\u00a0\u00bb [&hellip;]","og_url":"https:\/\/www.witchcraft.museum\/fr\/contact\/","og_site_name":"witchcraft museum","article_modified_time":"2025-02-28T17:01:07+00:00","twitter_card":"summary_large_image","twitter_misc":{"Dur\u00e9e de lecture estim\u00e9e":"1 minute"},"schema":{"@context":"https:\/\/schema.org","@graph":[{"@type":"WebPage","@id":"https:\/\/www.witchcraft.museum\/fr\/contact\/","url":"https:\/\/www.witchcraft.museum\/fr\/contact\/","name":"contact - witchcraft museum","isPartOf":{"@id":"https:\/\/www.witchcraft.museum\/fr\/#website"},"datePublished":"2025-01-08T18:15:12+00:00","dateModified":"2025-02-28T17:01:07+00:00","breadcrumb":{"@id":"https:\/\/www.witchcraft.museum\/fr\/contact\/#breadcrumb"},"inLanguage":"fr-FR","potentialAction":[{"@type":"ReadAction","target":["https:\/\/www.witchcraft.museum\/fr\/contact\/"]}]},{"@type":"BreadcrumbList","@id":"https:\/\/www.witchcraft.museum\/fr\/contact\/#breadcrumb","itemListElement":[{"@type":"ListItem","position":1,"name":"Home","item":"https:\/\/www.witchcraft.museum\/fr\/domicile\/"},{"@type":"ListItem","position":2,"name":"contact"}]},{"@type":"WebSite","@id":"https:\/\/www.witchcraft.museum\/fr\/#website","url":"https:\/\/www.witchcraft.museum\/fr\/","name":"witchcraft museum","description":"Te midden van historisch Brugge","publisher":{"@id":"https:\/\/www.witchcraft.museum\/fr\/#organization"},"potentialAction":[{"@type":"SearchAction","target":{"@type":"EntryPoint","urlTemplate":"https:\/\/www.witchcraft.museum\/fr\/?s={search_term_string}"},"query-input":{"@type":"PropertyValueSpecification","valueRequired":true,"valueName":"search_term_string"}}],"inLanguage":"fr-FR"},{"@type":"Organization","@id":"https:\/\/www.witchcraft.museum\/fr\/#organization","name":"witchcraft museum","url":"https:\/\/www.witchcraft.museum\/fr\/","logo":{"@type":"ImageObject","inLanguage":"fr-FR","@id":"https:\/\/www.witchcraft.museum\/fr\/#\/schema\/logo\/image\/","url":"https:\/\/www.witchcraft.museum\/wp-content\/uploads\/2025\/02\/witchcraft-museum-logo-black-rgb.svg","contentUrl":"https:\/\/www.witchcraft.museum\/wp-content\/uploads\/2025\/02\/witchcraft-museum-logo-black-rgb.svg","width":223,"height":49,"caption":"witchcraft museum"},"image":{"@id":"https:\/\/www.witchcraft.museum\/fr\/#\/schema\/logo\/image\/"}}]}},"_links":{"self":[{"href":"https:\/\/www.witchcraft.museum\/fr\/wp-json\/wp\/v2\/pages\/8738","targetHints":{"allow":["GET"]}}],"collection":[{"href":"https:\/\/www.witchcraft.museum\/fr\/wp-json\/wp\/v2\/pages"}],"about":[{"href":"https:\/\/www.witchcraft.museum\/fr\/wp-json\/wp\/v2\/types\/page"}],"author":[{"embeddable":true,"href":"https:\/\/www.witchcraft.museum\/fr\/wp-json\/wp\/v2\/users\/1"}],"replies":[{"embeddable":true,"href":"https:\/\/www.witchcraft.museum\/fr\/wp-json\/wp\/v2\/comments?post=8738"}],"version-history":[{"count":3,"href":"https:\/\/www.witchcraft.museum\/fr\/wp-json\/wp\/v2\/pages\/8738\/revisions"}],"predecessor-version":[{"id":8757,"href":"https:\/\/www.witchcraft.museum\/fr\/wp-json\/wp\/v2\/pages\/8738\/revisions\/8757"}],"wp:attachment":[{"href":"https:\/\/www.witchcraft.museum\/fr\/wp-json\/wp\/v2\/media?parent=8738"}],"curies":[{"name":"wp","href":"https:\/\/api.w.org\/{rel}","templated":true}]}}