{"id":8712,"date":"2025-02-24T17:49:15","date_gmt":"2025-02-24T16:49:15","guid":{"rendered":"https:\/\/www.witchcraft.museum\/declaration-de-confidentialite\/"},"modified":"2025-02-28T18:00:56","modified_gmt":"2025-02-28T17:00:56","slug":"declaration-de-confidentialite","status":"publish","type":"page","link":"https:\/\/www.witchcraft.museum\/fr\/declaration-de-confidentialite\/","title":{"rendered":"d\u00e9claration de confidentialit\u00e9"},"content":{"rendered":"\t\t<div data-elementor-type=\"wp-page\" data-elementor-id=\"8712\" class=\"elementor elementor-8712 elementor-6430\" data-elementor-post-type=\"page\">\n\t\t\t\t<div class=\"elementor-element elementor-element-cd59bd6 e-flex e-con-boxed e-con e-parent\" data-id=\"cd59bd6\" data-element_type=\"container\" data-e-type=\"container\" data-settings=\"{&quot;ekit_has_onepagescroll_dot&quot;:&quot;yes&quot;}\">\n\t\t\t\t\t<div class=\"e-con-inner\">\n\t\t\t\t<div class=\"elementor-element elementor-element-446cdf6 elementor-widget elementor-widget-heading\" data-id=\"446cdf6\" data-element_type=\"widget\" data-e-type=\"widget\" data-settings=\"{&quot;ekit_we_effect_on&quot;:&quot;none&quot;}\" data-widget_type=\"heading.default\">\n\t\t\t\t<div class=\"elementor-widget-container\">\n\t\t\t\t\t<h2 class=\"elementor-heading-title elementor-size-default\">d\u00e9claration de confidentialit\u00e9<\/h2>\t\t\t\t<\/div>\n\t\t\t\t<\/div>\n\t\t\t\t<div class=\"elementor-element elementor-element-2e04863 elementor-widget elementor-widget-text-editor\" data-id=\"2e04863\" data-element_type=\"widget\" data-e-type=\"widget\" data-settings=\"{&quot;ekit_we_effect_on&quot;:&quot;none&quot;}\" data-widget_type=\"text-editor.default\">\n\t\t\t\t<div class=\"elementor-widget-container\">\n\t\t\t\t\t\t\t\t\t<p>Genco bv, situ\u00e9 \u00e0 Vossenberg 7, 8340 Damme, est responsable du traitement des donn\u00e9es personnelles tel qu&rsquo;il est d\u00e9crit dans la pr\u00e9sente d\u00e9claration de confidentialit\u00e9.<\/p>\n<p>Coordonn\u00e9es :<br><a href=\"https:\/\/www.witchcraft.museum\/fr\/\">https:\/\/www.witchcraft.museum<\/a><br>Vossenberg 7,8340Damme<br>Dirk Van den Bossche est le d\u00e9l\u00e9gu\u00e9 \u00e0 la protection des donn\u00e9es de Genco bv. Il peut \u00eatre contact\u00e9 \u00e0 l&rsquo;adresse<a href=\"mailto:info@witchcraft.museum\"> info@witchcraft.museum<\/a>.<\/p>\n<p><strong>Donn\u00e9es personnelles que nous traitons :<\/strong><br>Genco bv traite vos donn\u00e9es personnelles parce que vous utilisez nos services et\/ou parce que vous nous les fournissez vous-m\u00eame.<\/p>\n<p><strong>Vous trouverez ci-dessous un aper\u00e7u des donn\u00e9es \u00e0 caract\u00e8re personnel que nous traitons :<\/strong><br>&#8211; Nom et pr\u00e9nom<br>&#8211; Adresse e-mail<br>&#8211; Adresse IP<br>&#8211; Donn\u00e9es de localisation<br>&#8211; Donn\u00e9es sur votre comportement de navigation sur diff\u00e9rents sites web (par exemple, parce que cette soci\u00e9t\u00e9 fait partie d&rsquo;un r\u00e9seau publicitaire)<br>&#8211; Navigateur Internet et type d&rsquo;appareil<\/p>\n<p><strong>Donn\u00e9es personnelles sp\u00e9ciales et\/ou sensibles que nous traitons :<\/strong><br>Notre site web et\/ou service n&rsquo;a pas l&rsquo;intention de collecter des donn\u00e9es sur les visiteurs du site web \u00e2g\u00e9s de moins de 16 ans. Sauf autorisation parentale ou du tuteur. Toutefois, nous ne pouvons pas v\u00e9rifier si un visiteur a plus de 16 ans. Nous conseillons donc aux parents de s&rsquo;impliquer dans les activit\u00e9s en ligne de leurs enfants afin d&rsquo;\u00e9viter la collecte de donn\u00e9es sur les enfants sans le consentement des parents. Si vous \u00eates convaincu que nous avons collect\u00e9 des donn\u00e9es personnelles sur un mineur sans ce consentement, veuillez nous contacter \u00e0 l&rsquo;adresse <a href=\"mailto:info@witchcraft.museum\">info@witchcraft.museum et<\/a> nous supprimerons ces informations.<\/p>\n<p>Dans <strong>quel but et sur quelle base traitons-nous les donn\u00e9es personnelles :<\/strong><br>Genco bv traite vos donn\u00e9es personnelles dans les buts suivants :<br>&#8211; pour pouvoir vous appeler ou vous envoyer un e-mail si cela est n\u00e9cessaire \u00e0 l&rsquo;ex\u00e9cution de nos services<br>&#8211; Genco bv analyse votre comportement sur le site web afin d&rsquo;am\u00e9liorer le site web et d&rsquo;adapter la gamme de produits et de services \u00e0 vos pr\u00e9f\u00e9rences. <br>&#8211; Genco bv suit votre comportement de navigation sur diff\u00e9rents sites web afin d&rsquo;adapter nos produits et services \u00e0 vos besoins.<\/p>\n<p><strong>Prise de d\u00e9cision automatis\u00e9e :<\/strong><br>Genco bv prend des d\u00e9cisions sur des questions susceptibles d&rsquo;affecter (de mani\u00e8re significative) des personnes sur la base d&rsquo;un traitement automatis\u00e9. Il s&rsquo;agit de d\u00e9cisions prises par des programmes ou des syst\u00e8mes informatiques, sans qu&rsquo;un \u00eatre humain (par exemple un employ\u00e9 de Genco bv) ne s&rsquo;interpose entre eux.&nbsp;<\/p>\n<p><strong>Dur\u00e9e de conservation des donn\u00e9es personnelles :<\/strong><\/p>\n<p>Genco bv ne conserve pas vos donn\u00e9es personnelles plus longtemps que ce qui est strictement n\u00e9cessaire pour atteindre les objectifs pour lesquels vos donn\u00e9es ont \u00e9t\u00e9 collect\u00e9es. Nous utilisons les p\u00e9riodes de conservation suivantes pour les (cat\u00e9gories de) donn\u00e9es \u00e0 caract\u00e8re personnel suivantes :<\/p>\n<p><strong>Partage des donn\u00e9es personnelles avec des tiers :<\/strong><br>Genco bv ne fournit des donn\u00e9es personnelles \u00e0 des tiers que lorsque cela est n\u00e9cessaire pour l&rsquo;ex\u00e9cution de notre contrat avec vous ou pour se conformer \u00e0 une obligation l\u00e9gale.<\/p>\n<p><strong>Cookies ou techniques similaires que nous utilisons :<\/strong><br>Genco bv utilise uniquement des cookies techniques et fonctionnels. Et des cookies analytiques qui ne portent pas atteinte \u00e0 votre vie priv\u00e9e. Un cookie est un petit fichier texte qui est stock\u00e9 sur votre ordinateur, tablette ou smartphone lors de votre premi\u00e8re visite sur ce site web.&nbsp;<\/p><p>Les cookies que nous utilisons sont n\u00e9cessaires au fonctionnement technique du site web et \u00e0 votre facilit\u00e9 d&rsquo;utilisation.&nbsp;<\/p><p>Ils garantissent le bon fonctionnement du site web et, par exemple, se souviennent de vos pr\u00e9f\u00e9rences. Cela nous permet \u00e9galement d&rsquo;optimiser notre site web. Vous pouvez refuser les cookies en param\u00e9trant votre navigateur Internet de mani\u00e8re \u00e0 ce qu&rsquo;il ne stocke plus de cookies. En outre, vous pouvez \u00e9galement supprimer toutes les informations pr\u00e9c\u00e9demment stock\u00e9es via les param\u00e8tres de votre navigateur.<\/p>\n<p><strong>Consulter, corriger ou supprimer les donn\u00e9es :<\/strong><br>Vous avez le droit de consulter, de corriger ou de supprimer vos donn\u00e9es personnelles. En outre, vous avez le droit de retirer votre \u00e9ventuel consentement au traitement des donn\u00e9es ou de vous opposer au traitement de vos donn\u00e9es personnelles.<\/p>\t\t\t\t\t\t\t\t<\/div>\n\t\t\t\t<\/div>\n\t\t\t\t\t<\/div>\n\t\t\t\t<\/div>\n\t\t\t\t<\/div>\n\t\t","protected":false},"excerpt":{"rendered":"<p>d\u00e9claration de confidentialit\u00e9 Genco bv, situ\u00e9 \u00e0 Vossenberg 7, 8340 Damme, est responsable du traitement des donn\u00e9es personnelles tel qu&rsquo;il est d\u00e9crit dans la pr\u00e9sente d\u00e9claration de confidentialit\u00e9. Coordonn\u00e9es :https:\/\/www.witchcraft.museumVossenberg 7,8340DammeDirk Van den Bossche est le d\u00e9l\u00e9gu\u00e9 \u00e0 la protection des donn\u00e9es de Genco bv. Il peut \u00eatre contact\u00e9 \u00e0 l&rsquo;adresse info@witchcraft.museum. Donn\u00e9es personnelles que [&hellip;]<\/p>\n","protected":false},"author":1,"featured_media":0,"parent":0,"menu_order":0,"comment_status":"closed","ping_status":"closed","template":"","meta":{"footnotes":""},"class_list":["post-8712","page","type-page","status-publish","hentry"],"yoast_head":"<!-- This site is optimized with the Yoast SEO plugin v24.5 - https:\/\/yoast.com\/wordpress\/plugins\/seo\/ -->\n<title>d\u00e9claration de confidentialit\u00e9 - witchcraft museum<\/title>\n<meta name=\"robots\" content=\"noindex, follow, max-snippet:-1, max-image-preview:large, max-video-preview:-1\" \/>\n<meta property=\"og:locale\" content=\"fr_FR\" \/>\n<meta property=\"og:type\" content=\"article\" \/>\n<meta property=\"og:title\" content=\"d\u00e9claration de confidentialit\u00e9 - witchcraft museum\" \/>\n<meta property=\"og:description\" content=\"d\u00e9claration de confidentialit\u00e9 Genco bv, situ\u00e9 \u00e0 Vossenberg 7, 8340 Damme, est responsable du traitement des donn\u00e9es personnelles tel qu&rsquo;il est d\u00e9crit dans la pr\u00e9sente d\u00e9claration de confidentialit\u00e9. Coordonn\u00e9es :https:\/\/www.witchcraft.museumVossenberg 7,8340DammeDirk Van den Bossche est le d\u00e9l\u00e9gu\u00e9 \u00e0 la protection des donn\u00e9es de Genco bv. Il peut \u00eatre contact\u00e9 \u00e0 l&rsquo;adresse info@witchcraft.museum. Donn\u00e9es personnelles que [&hellip;]\" \/>\n<meta property=\"og:url\" content=\"https:\/\/www.witchcraft.museum\/fr\/declaration-de-confidentialite\/\" \/>\n<meta property=\"og:site_name\" content=\"witchcraft museum\" \/>\n<meta property=\"article:modified_time\" content=\"2025-02-28T17:00:56+00:00\" \/>\n<meta name=\"twitter:card\" content=\"summary_large_image\" \/>\n<meta name=\"twitter:label1\" content=\"Dur\u00e9e de lecture estim\u00e9e\" \/>\n\t<meta name=\"twitter:data1\" content=\"4 minutes\" \/>\n<script type=\"application\/ld+json\" class=\"yoast-schema-graph\">{\"@context\":\"https:\/\/schema.org\",\"@graph\":[{\"@type\":\"WebPage\",\"@id\":\"https:\/\/www.witchcraft.museum\/fr\/declaration-de-confidentialite\/\",\"url\":\"https:\/\/www.witchcraft.museum\/fr\/declaration-de-confidentialite\/\",\"name\":\"d\u00e9claration de confidentialit\u00e9 - witchcraft museum\",\"isPartOf\":{\"@id\":\"https:\/\/www.witchcraft.museum\/fr\/#website\"},\"datePublished\":\"2025-02-24T16:49:15+00:00\",\"dateModified\":\"2025-02-28T17:00:56+00:00\",\"breadcrumb\":{\"@id\":\"https:\/\/www.witchcraft.museum\/fr\/declaration-de-confidentialite\/#breadcrumb\"},\"inLanguage\":\"fr-FR\",\"potentialAction\":[{\"@type\":\"ReadAction\",\"target\":[\"https:\/\/www.witchcraft.museum\/fr\/declaration-de-confidentialite\/\"]}]},{\"@type\":\"BreadcrumbList\",\"@id\":\"https:\/\/www.witchcraft.museum\/fr\/declaration-de-confidentialite\/#breadcrumb\",\"itemListElement\":[{\"@type\":\"ListItem\",\"position\":1,\"name\":\"Home\",\"item\":\"https:\/\/www.witchcraft.museum\/fr\/domicile\/\"},{\"@type\":\"ListItem\",\"position\":2,\"name\":\"d\u00e9claration de confidentialit\u00e9\"}]},{\"@type\":\"WebSite\",\"@id\":\"https:\/\/www.witchcraft.museum\/fr\/#website\",\"url\":\"https:\/\/www.witchcraft.museum\/fr\/\",\"name\":\"witchcraft museum\",\"description\":\"Te midden van historisch Brugge\",\"publisher\":{\"@id\":\"https:\/\/www.witchcraft.museum\/fr\/#organization\"},\"potentialAction\":[{\"@type\":\"SearchAction\",\"target\":{\"@type\":\"EntryPoint\",\"urlTemplate\":\"https:\/\/www.witchcraft.museum\/fr\/?s={search_term_string}\"},\"query-input\":{\"@type\":\"PropertyValueSpecification\",\"valueRequired\":true,\"valueName\":\"search_term_string\"}}],\"inLanguage\":\"fr-FR\"},{\"@type\":\"Organization\",\"@id\":\"https:\/\/www.witchcraft.museum\/fr\/#organization\",\"name\":\"witchcraft museum\",\"url\":\"https:\/\/www.witchcraft.museum\/fr\/\",\"logo\":{\"@type\":\"ImageObject\",\"inLanguage\":\"fr-FR\",\"@id\":\"https:\/\/www.witchcraft.museum\/fr\/#\/schema\/logo\/image\/\",\"url\":\"https:\/\/www.witchcraft.museum\/wp-content\/uploads\/2025\/02\/witchcraft-museum-logo-black-rgb.svg\",\"contentUrl\":\"https:\/\/www.witchcraft.museum\/wp-content\/uploads\/2025\/02\/witchcraft-museum-logo-black-rgb.svg\",\"width\":223,\"height\":49,\"caption\":\"witchcraft museum\"},\"image\":{\"@id\":\"https:\/\/www.witchcraft.museum\/fr\/#\/schema\/logo\/image\/\"}}]}<\/script>\n<!-- \/ Yoast SEO plugin. -->","yoast_head_json":{"title":"d\u00e9claration de confidentialit\u00e9 - witchcraft museum","robots":{"index":"noindex","follow":"follow","max-snippet":"max-snippet:-1","max-image-preview":"max-image-preview:large","max-video-preview":"max-video-preview:-1"},"og_locale":"fr_FR","og_type":"article","og_title":"d\u00e9claration de confidentialit\u00e9 - witchcraft museum","og_description":"d\u00e9claration de confidentialit\u00e9 Genco bv, situ\u00e9 \u00e0 Vossenberg 7, 8340 Damme, est responsable du traitement des donn\u00e9es personnelles tel qu&rsquo;il est d\u00e9crit dans la pr\u00e9sente d\u00e9claration de confidentialit\u00e9. Coordonn\u00e9es :https:\/\/www.witchcraft.museumVossenberg 7,8340DammeDirk Van den Bossche est le d\u00e9l\u00e9gu\u00e9 \u00e0 la protection des donn\u00e9es de Genco bv. Il peut \u00eatre contact\u00e9 \u00e0 l&rsquo;adresse info@witchcraft.museum. Donn\u00e9es personnelles que [&hellip;]","og_url":"https:\/\/www.witchcraft.museum\/fr\/declaration-de-confidentialite\/","og_site_name":"witchcraft museum","article_modified_time":"2025-02-28T17:00:56+00:00","twitter_card":"summary_large_image","twitter_misc":{"Dur\u00e9e de lecture estim\u00e9e":"4 minutes"},"schema":{"@context":"https:\/\/schema.org","@graph":[{"@type":"WebPage","@id":"https:\/\/www.witchcraft.museum\/fr\/declaration-de-confidentialite\/","url":"https:\/\/www.witchcraft.museum\/fr\/declaration-de-confidentialite\/","name":"d\u00e9claration de confidentialit\u00e9 - witchcraft museum","isPartOf":{"@id":"https:\/\/www.witchcraft.museum\/fr\/#website"},"datePublished":"2025-02-24T16:49:15+00:00","dateModified":"2025-02-28T17:00:56+00:00","breadcrumb":{"@id":"https:\/\/www.witchcraft.museum\/fr\/declaration-de-confidentialite\/#breadcrumb"},"inLanguage":"fr-FR","potentialAction":[{"@type":"ReadAction","target":["https:\/\/www.witchcraft.museum\/fr\/declaration-de-confidentialite\/"]}]},{"@type":"BreadcrumbList","@id":"https:\/\/www.witchcraft.museum\/fr\/declaration-de-confidentialite\/#breadcrumb","itemListElement":[{"@type":"ListItem","position":1,"name":"Home","item":"https:\/\/www.witchcraft.museum\/fr\/domicile\/"},{"@type":"ListItem","position":2,"name":"d\u00e9claration de confidentialit\u00e9"}]},{"@type":"WebSite","@id":"https:\/\/www.witchcraft.museum\/fr\/#website","url":"https:\/\/www.witchcraft.museum\/fr\/","name":"witchcraft museum","description":"Te midden van historisch Brugge","publisher":{"@id":"https:\/\/www.witchcraft.museum\/fr\/#organization"},"potentialAction":[{"@type":"SearchAction","target":{"@type":"EntryPoint","urlTemplate":"https:\/\/www.witchcraft.museum\/fr\/?s={search_term_string}"},"query-input":{"@type":"PropertyValueSpecification","valueRequired":true,"valueName":"search_term_string"}}],"inLanguage":"fr-FR"},{"@type":"Organization","@id":"https:\/\/www.witchcraft.museum\/fr\/#organization","name":"witchcraft museum","url":"https:\/\/www.witchcraft.museum\/fr\/","logo":{"@type":"ImageObject","inLanguage":"fr-FR","@id":"https:\/\/www.witchcraft.museum\/fr\/#\/schema\/logo\/image\/","url":"https:\/\/www.witchcraft.museum\/wp-content\/uploads\/2025\/02\/witchcraft-museum-logo-black-rgb.svg","contentUrl":"https:\/\/www.witchcraft.museum\/wp-content\/uploads\/2025\/02\/witchcraft-museum-logo-black-rgb.svg","width":223,"height":49,"caption":"witchcraft museum"},"image":{"@id":"https:\/\/www.witchcraft.museum\/fr\/#\/schema\/logo\/image\/"}}]}},"_links":{"self":[{"href":"https:\/\/www.witchcraft.museum\/fr\/wp-json\/wp\/v2\/pages\/8712","targetHints":{"allow":["GET"]}}],"collection":[{"href":"https:\/\/www.witchcraft.museum\/fr\/wp-json\/wp\/v2\/pages"}],"about":[{"href":"https:\/\/www.witchcraft.museum\/fr\/wp-json\/wp\/v2\/types\/page"}],"author":[{"embeddable":true,"href":"https:\/\/www.witchcraft.museum\/fr\/wp-json\/wp\/v2\/users\/1"}],"replies":[{"embeddable":true,"href":"https:\/\/www.witchcraft.museum\/fr\/wp-json\/wp\/v2\/comments?post=8712"}],"version-history":[{"count":1,"href":"https:\/\/www.witchcraft.museum\/fr\/wp-json\/wp\/v2\/pages\/8712\/revisions"}],"predecessor-version":[{"id":8716,"href":"https:\/\/www.witchcraft.museum\/fr\/wp-json\/wp\/v2\/pages\/8712\/revisions\/8716"}],"wp:attachment":[{"href":"https:\/\/www.witchcraft.museum\/fr\/wp-json\/wp\/v2\/media?parent=8712"}],"curies":[{"name":"wp","href":"https:\/\/api.w.org\/{rel}","templated":true}]}}