{"id":8711,"date":"2025-02-23T18:17:17","date_gmt":"2025-02-23T17:17:17","guid":{"rendered":"https:\/\/www.witchcraft.museum\/magie\/"},"modified":"2025-02-28T18:01:05","modified_gmt":"2025-02-28T17:01:05","slug":"magie","status":"publish","type":"page","link":"https:\/\/www.witchcraft.museum\/fr\/thematique\/magie\/","title":{"rendered":"magie"},"content":{"rendered":"\t\t<div data-elementor-type=\"wp-page\" data-elementor-id=\"8711\" class=\"elementor elementor-8711 elementor-6329\" data-elementor-post-type=\"page\">\n\t\t\t\t<div class=\"elementor-element elementor-element-606f7803 e-flex e-con-boxed e-con e-parent\" data-id=\"606f7803\" data-element_type=\"container\" data-e-type=\"container\" data-settings=\"{&quot;ekit_has_onepagescroll_dot&quot;:&quot;yes&quot;}\">\n\t\t\t\t\t<div class=\"e-con-inner\">\n\t\t<div class=\"elementor-element elementor-element-96fe1fd e-flex e-con-boxed e-con e-child\" data-id=\"96fe1fd\" data-element_type=\"container\" data-e-type=\"container\" data-settings=\"{&quot;background_background&quot;:&quot;classic&quot;,&quot;ekit_has_onepagescroll_dot&quot;:&quot;yes&quot;}\">\n\t\t\t\t\t<div class=\"e-con-inner\">\n\t\t<div class=\"elementor-element elementor-element-7a698986 e-con-full e-flex e-con e-child\" data-id=\"7a698986\" data-element_type=\"container\" data-e-type=\"container\" data-settings=\"{&quot;ekit_has_onepagescroll_dot&quot;:&quot;yes&quot;}\">\n\t\t\t\t<div class=\"elementor-element elementor-element-2f6668e3 elementor-widget elementor-widget-heading\" data-id=\"2f6668e3\" data-element_type=\"widget\" data-e-type=\"widget\" data-settings=\"{&quot;ekit_we_effect_on&quot;:&quot;none&quot;}\" data-widget_type=\"heading.default\">\n\t\t\t\t<div class=\"elementor-widget-container\">\n\t\t\t\t\t<h1 class=\"elementor-heading-title elementor-size-default\">Magie et illusionnisme<\/h1>\t\t\t\t<\/div>\n\t\t\t\t<\/div>\n\t\t\t\t<\/div>\n\t\t\t\t\t<\/div>\n\t\t\t\t<\/div>\n\t\t\t\t\t<\/div>\n\t\t\t\t<\/div>\n\t\t<div class=\"elementor-element elementor-element-2582242 e-flex e-con-boxed e-con e-parent\" data-id=\"2582242\" data-element_type=\"container\" data-e-type=\"container\" data-settings=\"{&quot;motion_fx_motion_fx_scrolling&quot;:&quot;yes&quot;,&quot;motion_fx_translateY_effect&quot;:&quot;yes&quot;,&quot;motion_fx_devices&quot;:[&quot;desktop&quot;],&quot;motion_fx_translateY_affectedRange&quot;:{&quot;unit&quot;:&quot;%&quot;,&quot;size&quot;:&quot;&quot;,&quot;sizes&quot;:{&quot;start&quot;:50,&quot;end&quot;:100}},&quot;ekit_has_onepagescroll_dot&quot;:&quot;yes&quot;,&quot;motion_fx_translateY_speed&quot;:{&quot;unit&quot;:&quot;px&quot;,&quot;size&quot;:4,&quot;sizes&quot;:[]}}\">\n\t\t\t\t\t<div class=\"e-con-inner\">\n\t\t\t\t<div class=\"elementor-element elementor-element-f346b80 elementor-widget elementor-widget-heading\" data-id=\"f346b80\" data-element_type=\"widget\" data-e-type=\"widget\" data-settings=\"{&quot;ekit_we_effect_on&quot;:&quot;none&quot;}\" data-widget_type=\"heading.default\">\n\t\t\t\t<div class=\"elementor-widget-container\">\n\t\t\t\t\t<h2 class=\"elementor-heading-title elementor-size-default\">Magiciens-illusionnistes<\/h2>\t\t\t\t<\/div>\n\t\t\t\t<\/div>\n\t\t\t\t\t<\/div>\n\t\t\t\t<\/div>\n\t\t<div class=\"elementor-element elementor-element-33b4af3 e-flex e-con-boxed e-con e-parent\" data-id=\"33b4af3\" data-element_type=\"container\" data-e-type=\"container\" data-settings=\"{&quot;motion_fx_translateY_effect&quot;:&quot;yes&quot;,&quot;motion_fx_devices&quot;:[&quot;desktop&quot;],&quot;motion_fx_motion_fx_scrolling&quot;:&quot;yes&quot;,&quot;motion_fx_translateY_direction&quot;:&quot;negative&quot;,&quot;motion_fx_translateY_affectedRange&quot;:{&quot;unit&quot;:&quot;%&quot;,&quot;size&quot;:&quot;&quot;,&quot;sizes&quot;:{&quot;start&quot;:25,&quot;end&quot;:100}},&quot;ekit_has_onepagescroll_dot&quot;:&quot;yes&quot;,&quot;motion_fx_translateY_speed&quot;:{&quot;unit&quot;:&quot;px&quot;,&quot;size&quot;:4,&quot;sizes&quot;:[]}}\">\n\t\t\t\t\t<div class=\"e-con-inner\">\n\t\t<div class=\"elementor-element elementor-element-8dbcf33 e-con-full e-flex e-con e-child\" data-id=\"8dbcf33\" data-element_type=\"container\" data-e-type=\"container\" data-settings=\"{&quot;motion_fx_motion_fx_scrolling&quot;:&quot;yes&quot;,&quot;motion_fx_translateY_effect&quot;:&quot;yes&quot;,&quot;motion_fx_translateY_affectedRange&quot;:{&quot;unit&quot;:&quot;%&quot;,&quot;size&quot;:&quot;&quot;,&quot;sizes&quot;:{&quot;start&quot;:25,&quot;end&quot;:60}},&quot;ekit_has_onepagescroll_dot&quot;:&quot;yes&quot;,&quot;motion_fx_translateY_speed&quot;:{&quot;unit&quot;:&quot;px&quot;,&quot;size&quot;:4,&quot;sizes&quot;:[]},&quot;motion_fx_devices&quot;:[&quot;desktop&quot;,&quot;tablet&quot;,&quot;mobile&quot;]}\">\n\t\t\t\t<div class=\"elementor-element elementor-element-8b2702b elementor-widget elementor-widget-image\" data-id=\"8b2702b\" data-element_type=\"widget\" data-e-type=\"widget\" data-settings=\"{&quot;ekit_we_effect_on&quot;:&quot;none&quot;}\" data-widget_type=\"image.default\">\n\t\t\t\t<div class=\"elementor-widget-container\">\n\t\t\t\t\t\t\t\t\t\t\t\t\t\t\t<img fetchpriority=\"high\" decoding=\"async\" width=\"300\" height=\"300\" src=\"https:\/\/www.witchcraft.museum\/wp-content\/uploads\/2025\/02\/kellar-illusionist-300x300.webp\" class=\"attachment-medium size-medium wp-image-6332\" alt=\"\" srcset=\"https:\/\/www.witchcraft.museum\/wp-content\/uploads\/2025\/02\/kellar-illusionist-300x300.webp 300w, https:\/\/www.witchcraft.museum\/wp-content\/uploads\/2025\/02\/kellar-illusionist-150x150.webp 150w, https:\/\/www.witchcraft.museum\/wp-content\/uploads\/2025\/02\/kellar-illusionist.webp 700w\" sizes=\"(max-width: 300px) 100vw, 300px\" \/>\t\t\t\t\t\t\t\t\t\t\t\t\t\t\t<\/div>\n\t\t\t\t<\/div>\n\t\t\t\t<\/div>\n\t\t<div class=\"elementor-element elementor-element-2065393 e-con-full e-flex e-con e-child\" data-id=\"2065393\" data-element_type=\"container\" data-e-type=\"container\" data-settings=\"{&quot;ekit_has_onepagescroll_dot&quot;:&quot;yes&quot;}\">\n\t\t\t\t<div class=\"elementor-element elementor-element-3918411 elementor-widget elementor-widget-text-editor\" data-id=\"3918411\" data-element_type=\"widget\" data-e-type=\"widget\" data-settings=\"{&quot;ekit_we_effect_on&quot;:&quot;none&quot;}\" data-widget_type=\"text-editor.default\">\n\t\t\t\t<div class=\"elementor-widget-container\">\n\t\t\t\t\t\t\t\t\t<p class=\"p1\"><i>Au 19e si\u00e8cle, les nouveaux magiciens M font leur entr\u00e9e, d&rsquo;abord sur la sc\u00e8ne, puis avec l&rsquo;int\u00e9r\u00eat massif de la t\u00e9l\u00e9vision. <\/i><i>d&rsquo;abord sur la sc\u00e8ne, puis en s&rsquo;int\u00e9ressant massivement \u00e0 la t\u00e9l\u00e9vision et au cin\u00e9ma. <\/i><i>l&rsquo;industrie cin\u00e9matographique.<\/i><\/p><p class=\"p1\"><strong>La magie<\/strong> <i>n&rsquo;est plus qu&rsquo;une superstition et la science est d\u00e9sormais consid\u00e9r\u00e9e comme <\/i><i>la seule fa\u00e7on de comprendre le monde qui nous entoure.<\/i><\/p><p class=\"p1\"><i>Pourtant, la magie a continu\u00e9 \u00e0 vivre dans la culture populaire, bien que sous la forme de la magie et de l&rsquo;illusion. <\/i><i>sous la forme de la magie et de l&rsquo;illusion.<\/i><\/p><p class=\"p1\"><i>Les plus grands magiciens illusionnistes des 19\u00e8me, 20\u00e8me et 21\u00e8me si\u00e8cles : Robert Houdin, Thurtson, Kellar, Le Grand Raymond, etc. <\/i><i>si\u00e8cle : Robert Houdin, Thurtson, Kellar, Le Grand Raymond,<\/i><\/p><p class=\"p1\"><i>Le Grand Carter, Le Grand Herman, David Copperfield, <\/i><i>Siegfried &amp; Roy.<\/i><\/p>\t\t\t\t\t\t\t\t<\/div>\n\t\t\t\t<\/div>\n\t\t\t\t<\/div>\n\t\t\t\t\t<\/div>\n\t\t\t\t<\/div>\n\t\t<div class=\"elementor-element elementor-element-f62f877 e-flex e-con-boxed e-con e-parent\" data-id=\"f62f877\" data-element_type=\"container\" data-e-type=\"container\" data-settings=\"{&quot;motion_fx_motion_fx_scrolling&quot;:&quot;yes&quot;,&quot;motion_fx_translateY_effect&quot;:&quot;yes&quot;,&quot;motion_fx_devices&quot;:[&quot;desktop&quot;],&quot;motion_fx_translateY_direction&quot;:&quot;negative&quot;,&quot;ekit_has_onepagescroll_dot&quot;:&quot;yes&quot;,&quot;motion_fx_translateY_speed&quot;:{&quot;unit&quot;:&quot;px&quot;,&quot;size&quot;:4,&quot;sizes&quot;:[]},&quot;motion_fx_translateY_affectedRange&quot;:{&quot;unit&quot;:&quot;%&quot;,&quot;size&quot;:&quot;&quot;,&quot;sizes&quot;:{&quot;start&quot;:0,&quot;end&quot;:100}}}\">\n\t\t\t\t\t<div class=\"e-con-inner\">\n\t\t<div class=\"elementor-element elementor-element-471eddbc e-flex e-con-boxed e-con e-child\" data-id=\"471eddbc\" data-element_type=\"container\" data-e-type=\"container\" data-settings=\"{&quot;background_background&quot;:&quot;classic&quot;,&quot;ekit_has_onepagescroll_dot&quot;:&quot;yes&quot;}\">\n\t\t\t\t\t<div class=\"e-con-inner\">\n\t\t<div class=\"elementor-element elementor-element-3128ad4e e-con-full e-flex e-con e-child\" data-id=\"3128ad4e\" data-element_type=\"container\" data-e-type=\"container\" data-settings=\"{&quot;ekit_has_onepagescroll_dot&quot;:&quot;yes&quot;}\">\n\t\t\t\t<div class=\"elementor-element elementor-element-5e568a7 elementor-widget elementor-widget-heading\" data-id=\"5e568a7\" data-element_type=\"widget\" data-e-type=\"widget\" data-settings=\"{&quot;ekit_we_effect_on&quot;:&quot;none&quot;}\" data-widget_type=\"heading.default\">\n\t\t\t\t<div class=\"elementor-widget-container\">\n\t\t\t\t\t<h2 class=\"elementor-heading-title elementor-size-default\">D\u00e9couvrez la magie ...<\/h2>\t\t\t\t<\/div>\n\t\t\t\t<\/div>\n\t\t\t\t<div class=\"elementor-element elementor-element-5300f0d0 elementor-widget elementor-widget-text-editor\" data-id=\"5300f0d0\" data-element_type=\"widget\" data-e-type=\"widget\" data-settings=\"{&quot;ekit_we_effect_on&quot;:&quot;none&quot;}\" data-widget_type=\"text-editor.default\">\n\t\t\t\t<div class=\"elementor-widget-container\">\n\t\t\t\t\t\t\t\t\t<p>Quelques titres d&rsquo;affiches de haut niveau :<\/p><ul><li>Le myst\u00e8re de la mort d&rsquo;Houdini<\/li><li>Autod\u00e9capitation de Kellar<\/li><li>Thurston ; les esprits reviennent-ils ?<\/li><\/ul>\t\t\t\t\t\t\t\t<\/div>\n\t\t\t\t<\/div>\n\t\t\t\t<div class=\"elementor-element elementor-element-ae215b5 elementor-widget elementor-widget-heading\" data-id=\"ae215b5\" data-element_type=\"widget\" data-e-type=\"widget\" data-settings=\"{&quot;ekit_we_effect_on&quot;:&quot;none&quot;}\" data-widget_type=\"heading.default\">\n\t\t\t\t<div class=\"elementor-widget-container\">\n\t\t\t\t\t<h2 class=\"elementor-heading-title elementor-size-default\">... dans notre mus\u00e9e<\/h2>\t\t\t\t<\/div>\n\t\t\t\t<\/div>\n\t\t\t\t<\/div>\n\t\t<div class=\"elementor-element elementor-element-164b3bf0 e-con-full e-flex e-con e-child\" data-id=\"164b3bf0\" data-element_type=\"container\" data-e-type=\"container\" data-settings=\"{&quot;background_background&quot;:&quot;classic&quot;,&quot;ekit_has_onepagescroll_dot&quot;:&quot;yes&quot;}\">\n\t\t\t\t<div class=\"elementor-element elementor-element-2fae233c elementor-hidden-mobile elementor-widget elementor-widget-image\" data-id=\"2fae233c\" data-element_type=\"widget\" data-e-type=\"widget\" data-settings=\"{&quot;ekit_we_effect_on&quot;:&quot;none&quot;}\" data-widget_type=\"image.default\">\n\t\t\t\t<div class=\"elementor-widget-container\">\n\t\t\t\t\t\t\t\t\t\t\t\t\t\t\t<img decoding=\"async\" width=\"706\" height=\"1024\" src=\"https:\/\/www.witchcraft.museum\/wp-content\/uploads\/2025\/02\/mindfreak-illusionist-1.webp\" class=\"attachment-large size-large wp-image-6334\" alt=\"\" srcset=\"https:\/\/www.witchcraft.museum\/wp-content\/uploads\/2025\/02\/mindfreak-illusionist-1.webp 706w, https:\/\/www.witchcraft.museum\/wp-content\/uploads\/2025\/02\/mindfreak-illusionist-1-207x300.webp 207w\" sizes=\"(max-width: 706px) 100vw, 706px\" \/>\t\t\t\t\t\t\t\t\t\t\t\t\t\t\t<\/div>\n\t\t\t\t<\/div>\n\t\t\t\t<\/div>\n\t\t\t\t\t<\/div>\n\t\t\t\t<\/div>\n\t\t\t\t\t<\/div>\n\t\t\t\t<\/div>\n\t\t\t\t<\/div>\n\t\t","protected":false},"excerpt":{"rendered":"<p>Magie et illusionnisme Magiciens-illusionnistes Au 19e si\u00e8cle, les nouveaux magiciens M font leur entr\u00e9e, d&rsquo;abord sur la sc\u00e8ne, puis avec l&rsquo;int\u00e9r\u00eat massif de la t\u00e9l\u00e9vision. d&rsquo;abord sur la sc\u00e8ne, puis en s&rsquo;int\u00e9ressant massivement \u00e0 la t\u00e9l\u00e9vision et au cin\u00e9ma. l&rsquo;industrie cin\u00e9matographique. La magie n&rsquo;est plus qu&rsquo;une superstition et la science est d\u00e9sormais consid\u00e9r\u00e9e comme la [&hellip;]<\/p>\n","protected":false},"author":1,"featured_media":0,"parent":8756,"menu_order":5,"comment_status":"closed","ping_status":"closed","template":"","meta":{"footnotes":""},"class_list":["post-8711","page","type-page","status-publish","hentry"],"yoast_head":"<!-- This site is optimized with the Yoast SEO plugin v24.5 - https:\/\/yoast.com\/wordpress\/plugins\/seo\/ -->\n<title>Magie - De la superstition \u00e0 l&#039;illusionnisme et \u00e0 la magie<\/title>\n<meta name=\"description\" content=\"D\u00e9couvrez l&#039;\u00e9volution de la magie : de la superstition \u00e0 l&#039;illusionnisme. Des magiciens l\u00e9gendaires tels que Houdin, Copperfield et Siegfried &amp; Roy.\" \/>\n<meta name=\"robots\" content=\"noindex, follow, max-snippet:-1, max-image-preview:large, max-video-preview:-1\" \/>\n<meta property=\"og:locale\" content=\"fr_FR\" \/>\n<meta property=\"og:type\" content=\"article\" \/>\n<meta property=\"og:title\" content=\"Magie - De la superstition \u00e0 l&#039;illusionnisme et \u00e0 la magie\" \/>\n<meta property=\"og:description\" content=\"D\u00e9couvrez l&#039;\u00e9volution de la magie : de la superstition \u00e0 l&#039;illusionnisme. Des magiciens l\u00e9gendaires tels que Houdin, Copperfield et Siegfried &amp; Roy.\" \/>\n<meta property=\"og:url\" content=\"https:\/\/www.witchcraft.museum\/fr\/thematique\/magie\/\" \/>\n<meta property=\"og:site_name\" content=\"witchcraft museum\" \/>\n<meta property=\"article:modified_time\" content=\"2025-02-28T17:01:05+00:00\" \/>\n<meta property=\"og:image\" content=\"https:\/\/www.witchcraft.museum\/wp-content\/uploads\/2025\/02\/kellar-illusionist.webp\" \/>\n\t<meta property=\"og:image:width\" content=\"700\" \/>\n\t<meta property=\"og:image:height\" content=\"700\" \/>\n\t<meta property=\"og:image:type\" content=\"image\/webp\" \/>\n<meta name=\"twitter:card\" content=\"summary_large_image\" \/>\n<meta name=\"twitter:label1\" content=\"Dur\u00e9e de lecture estim\u00e9e\" \/>\n\t<meta name=\"twitter:data1\" content=\"1 minute\" \/>\n<script type=\"application\/ld+json\" class=\"yoast-schema-graph\">{\"@context\":\"https:\/\/schema.org\",\"@graph\":[{\"@type\":\"WebPage\",\"@id\":\"https:\/\/www.witchcraft.museum\/fr\/thematique\/magie\/\",\"url\":\"https:\/\/www.witchcraft.museum\/fr\/thematique\/magie\/\",\"name\":\"Magie - De la superstition \u00e0 l'illusionnisme et \u00e0 la magie\",\"isPartOf\":{\"@id\":\"https:\/\/www.witchcraft.museum\/fr\/#website\"},\"primaryImageOfPage\":{\"@id\":\"https:\/\/www.witchcraft.museum\/fr\/thematique\/magie\/#primaryimage\"},\"image\":{\"@id\":\"https:\/\/www.witchcraft.museum\/fr\/thematique\/magie\/#primaryimage\"},\"thumbnailUrl\":\"https:\/\/www.witchcraft.museum\/wp-content\/uploads\/2025\/02\/kellar-illusionist-300x300.webp\",\"datePublished\":\"2025-02-23T17:17:17+00:00\",\"dateModified\":\"2025-02-28T17:01:05+00:00\",\"description\":\"D\u00e9couvrez l'\u00e9volution de la magie : de la superstition \u00e0 l'illusionnisme. Des magiciens l\u00e9gendaires tels que Houdin, Copperfield et Siegfried & Roy.\",\"breadcrumb\":{\"@id\":\"https:\/\/www.witchcraft.museum\/fr\/thematique\/magie\/#breadcrumb\"},\"inLanguage\":\"fr-FR\",\"potentialAction\":[{\"@type\":\"ReadAction\",\"target\":[\"https:\/\/www.witchcraft.museum\/fr\/thematique\/magie\/\"]}]},{\"@type\":\"ImageObject\",\"inLanguage\":\"fr-FR\",\"@id\":\"https:\/\/www.witchcraft.museum\/fr\/thematique\/magie\/#primaryimage\",\"url\":\"https:\/\/www.witchcraft.museum\/wp-content\/uploads\/2025\/02\/kellar-illusionist-300x300.webp\",\"contentUrl\":\"https:\/\/www.witchcraft.museum\/wp-content\/uploads\/2025\/02\/kellar-illusionist-300x300.webp\"},{\"@type\":\"BreadcrumbList\",\"@id\":\"https:\/\/www.witchcraft.museum\/fr\/thematique\/magie\/#breadcrumb\",\"itemListElement\":[{\"@type\":\"ListItem\",\"position\":1,\"name\":\"Home\",\"item\":\"https:\/\/www.witchcraft.museum\/fr\/domicile\/\"},{\"@type\":\"ListItem\",\"position\":2,\"name\":\"th\u00e9matique\",\"item\":\"https:\/\/www.witchcraft.museum\/fr\/thematique\/\"},{\"@type\":\"ListItem\",\"position\":3,\"name\":\"magie\"}]},{\"@type\":\"WebSite\",\"@id\":\"https:\/\/www.witchcraft.museum\/fr\/#website\",\"url\":\"https:\/\/www.witchcraft.museum\/fr\/\",\"name\":\"witchcraft museum\",\"description\":\"Te midden van historisch Brugge\",\"publisher\":{\"@id\":\"https:\/\/www.witchcraft.museum\/fr\/#organization\"},\"potentialAction\":[{\"@type\":\"SearchAction\",\"target\":{\"@type\":\"EntryPoint\",\"urlTemplate\":\"https:\/\/www.witchcraft.museum\/fr\/?s={search_term_string}\"},\"query-input\":{\"@type\":\"PropertyValueSpecification\",\"valueRequired\":true,\"valueName\":\"search_term_string\"}}],\"inLanguage\":\"fr-FR\"},{\"@type\":\"Organization\",\"@id\":\"https:\/\/www.witchcraft.museum\/fr\/#organization\",\"name\":\"witchcraft museum\",\"url\":\"https:\/\/www.witchcraft.museum\/fr\/\",\"logo\":{\"@type\":\"ImageObject\",\"inLanguage\":\"fr-FR\",\"@id\":\"https:\/\/www.witchcraft.museum\/fr\/#\/schema\/logo\/image\/\",\"url\":\"https:\/\/www.witchcraft.museum\/wp-content\/uploads\/2025\/02\/witchcraft-museum-logo-black-rgb.svg\",\"contentUrl\":\"https:\/\/www.witchcraft.museum\/wp-content\/uploads\/2025\/02\/witchcraft-museum-logo-black-rgb.svg\",\"width\":223,\"height\":49,\"caption\":\"witchcraft museum\"},\"image\":{\"@id\":\"https:\/\/www.witchcraft.museum\/fr\/#\/schema\/logo\/image\/\"}}]}<\/script>\n<!-- \/ Yoast SEO plugin. -->","yoast_head_json":{"title":"Magie - De la superstition \u00e0 l'illusionnisme et \u00e0 la magie","description":"D\u00e9couvrez l'\u00e9volution de la magie : de la superstition \u00e0 l'illusionnisme. Des magiciens l\u00e9gendaires tels que Houdin, Copperfield et Siegfried & Roy.","robots":{"index":"noindex","follow":"follow","max-snippet":"max-snippet:-1","max-image-preview":"max-image-preview:large","max-video-preview":"max-video-preview:-1"},"og_locale":"fr_FR","og_type":"article","og_title":"Magie - De la superstition \u00e0 l'illusionnisme et \u00e0 la magie","og_description":"D\u00e9couvrez l'\u00e9volution de la magie : de la superstition \u00e0 l'illusionnisme. Des magiciens l\u00e9gendaires tels que Houdin, Copperfield et Siegfried & Roy.","og_url":"https:\/\/www.witchcraft.museum\/fr\/thematique\/magie\/","og_site_name":"witchcraft museum","article_modified_time":"2025-02-28T17:01:05+00:00","og_image":[{"width":700,"height":700,"url":"https:\/\/www.witchcraft.museum\/wp-content\/uploads\/2025\/02\/kellar-illusionist.webp","type":"image\/webp"}],"twitter_card":"summary_large_image","twitter_misc":{"Dur\u00e9e de lecture estim\u00e9e":"1 minute"},"schema":{"@context":"https:\/\/schema.org","@graph":[{"@type":"WebPage","@id":"https:\/\/www.witchcraft.museum\/fr\/thematique\/magie\/","url":"https:\/\/www.witchcraft.museum\/fr\/thematique\/magie\/","name":"Magie - De la superstition \u00e0 l'illusionnisme et \u00e0 la magie","isPartOf":{"@id":"https:\/\/www.witchcraft.museum\/fr\/#website"},"primaryImageOfPage":{"@id":"https:\/\/www.witchcraft.museum\/fr\/thematique\/magie\/#primaryimage"},"image":{"@id":"https:\/\/www.witchcraft.museum\/fr\/thematique\/magie\/#primaryimage"},"thumbnailUrl":"https:\/\/www.witchcraft.museum\/wp-content\/uploads\/2025\/02\/kellar-illusionist-300x300.webp","datePublished":"2025-02-23T17:17:17+00:00","dateModified":"2025-02-28T17:01:05+00:00","description":"D\u00e9couvrez l'\u00e9volution de la magie : de la superstition \u00e0 l'illusionnisme. Des magiciens l\u00e9gendaires tels que Houdin, Copperfield et Siegfried & Roy.","breadcrumb":{"@id":"https:\/\/www.witchcraft.museum\/fr\/thematique\/magie\/#breadcrumb"},"inLanguage":"fr-FR","potentialAction":[{"@type":"ReadAction","target":["https:\/\/www.witchcraft.museum\/fr\/thematique\/magie\/"]}]},{"@type":"ImageObject","inLanguage":"fr-FR","@id":"https:\/\/www.witchcraft.museum\/fr\/thematique\/magie\/#primaryimage","url":"https:\/\/www.witchcraft.museum\/wp-content\/uploads\/2025\/02\/kellar-illusionist-300x300.webp","contentUrl":"https:\/\/www.witchcraft.museum\/wp-content\/uploads\/2025\/02\/kellar-illusionist-300x300.webp"},{"@type":"BreadcrumbList","@id":"https:\/\/www.witchcraft.museum\/fr\/thematique\/magie\/#breadcrumb","itemListElement":[{"@type":"ListItem","position":1,"name":"Home","item":"https:\/\/www.witchcraft.museum\/fr\/domicile\/"},{"@type":"ListItem","position":2,"name":"th\u00e9matique","item":"https:\/\/www.witchcraft.museum\/fr\/thematique\/"},{"@type":"ListItem","position":3,"name":"magie"}]},{"@type":"WebSite","@id":"https:\/\/www.witchcraft.museum\/fr\/#website","url":"https:\/\/www.witchcraft.museum\/fr\/","name":"witchcraft museum","description":"Te midden van historisch Brugge","publisher":{"@id":"https:\/\/www.witchcraft.museum\/fr\/#organization"},"potentialAction":[{"@type":"SearchAction","target":{"@type":"EntryPoint","urlTemplate":"https:\/\/www.witchcraft.museum\/fr\/?s={search_term_string}"},"query-input":{"@type":"PropertyValueSpecification","valueRequired":true,"valueName":"search_term_string"}}],"inLanguage":"fr-FR"},{"@type":"Organization","@id":"https:\/\/www.witchcraft.museum\/fr\/#organization","name":"witchcraft museum","url":"https:\/\/www.witchcraft.museum\/fr\/","logo":{"@type":"ImageObject","inLanguage":"fr-FR","@id":"https:\/\/www.witchcraft.museum\/fr\/#\/schema\/logo\/image\/","url":"https:\/\/www.witchcraft.museum\/wp-content\/uploads\/2025\/02\/witchcraft-museum-logo-black-rgb.svg","contentUrl":"https:\/\/www.witchcraft.museum\/wp-content\/uploads\/2025\/02\/witchcraft-museum-logo-black-rgb.svg","width":223,"height":49,"caption":"witchcraft museum"},"image":{"@id":"https:\/\/www.witchcraft.museum\/fr\/#\/schema\/logo\/image\/"}}]}},"_links":{"self":[{"href":"https:\/\/www.witchcraft.museum\/fr\/wp-json\/wp\/v2\/pages\/8711","targetHints":{"allow":["GET"]}}],"collection":[{"href":"https:\/\/www.witchcraft.museum\/fr\/wp-json\/wp\/v2\/pages"}],"about":[{"href":"https:\/\/www.witchcraft.museum\/fr\/wp-json\/wp\/v2\/types\/page"}],"author":[{"embeddable":true,"href":"https:\/\/www.witchcraft.museum\/fr\/wp-json\/wp\/v2\/users\/1"}],"replies":[{"embeddable":true,"href":"https:\/\/www.witchcraft.museum\/fr\/wp-json\/wp\/v2\/comments?post=8711"}],"version-history":[{"count":1,"href":"https:\/\/www.witchcraft.museum\/fr\/wp-json\/wp\/v2\/pages\/8711\/revisions"}],"predecessor-version":[{"id":8717,"href":"https:\/\/www.witchcraft.museum\/fr\/wp-json\/wp\/v2\/pages\/8711\/revisions\/8717"}],"up":[{"embeddable":true,"href":"https:\/\/www.witchcraft.museum\/fr\/wp-json\/wp\/v2\/pages\/8756"}],"wp:attachment":[{"href":"https:\/\/www.witchcraft.museum\/fr\/wp-json\/wp\/v2\/media?parent=8711"}],"curies":[{"name":"wp","href":"https:\/\/api.w.org\/{rel}","templated":true}]}}